{"id":7902,"date":"2024-10-19T13:00:13","date_gmt":"2024-10-19T13:00:13","guid":{"rendered":"https:\/\/dekastar.lt\/?post_type=product&#038;p=7902"},"modified":"2026-03-18T13:16:11","modified_gmt":"2026-03-18T13:16:11","slug":"name-it-flyso-kombinezonas-melynas","status":"publish","type":"product","link":"https:\/\/dekastar.lt\/lv\/products\/name-it-flyso-kombinezonas-melynas\/","title":{"rendered":"NAME IT Flysuit (Zils)"},"content":{"rendered":"<p>NAME IT z\u012bmola fl\u012bsa kombinezons z\u0113nam. \u013boti praktisks ap\u0123\u0113rbs visiem gadalaikiem. M\u0101j\u012bgais un m\u012bkstais fl\u012bss nodro\u0161in\u0101s siltumu gan v\u0113s\u0101 vasaras vakar\u0101 \u0101r\u0101, gan aukst\u0101 ziemas dien\u0101 iek\u0161telp\u0101s. Viegli valk\u0101jamais ap\u0123\u0113rbs nodro\u0161in\u0101s j\u016bsu mazu\u013ca aktivit\u0101ti \u0101r\u0101, b\u0113rnistab\u0101 vai rota\u013cu istab\u0101.<br \/>\nVilna ir viegls audums ar m\u012bkstu, \u012bpa\u0161i m\u012bkstu virsmu, kas nodro\u0161ina siltumu un komfortu.<\/p>\n<p>NAME IT ra\u017eo kvalitat\u012bvus virsdr\u0113bes kop\u0161 1986. gada, \u012bpa\u0161u uzman\u012bbu piev\u0113r\u0161ot funkcionalit\u0101tei un dro\u0161\u012bbai. T\u0101 cen\u0161as sekot jaun\u0101kaj\u0101m modes tendenc\u0113m un p\u0101rv\u0113rst t\u0101s \u0113rtos b\u0113rnu ap\u0123\u0113rbos.<\/p>\n<p>Sast\u0101vs: 100% poliesteris<\/p>","protected":false},"excerpt":{"rendered":"<p>NAME IT prek\u0117s \u017eenklos flysinis kombinezonas berniukui. Itin prakti\u0161kas r\u016bbas visais met\u0173 laikais. Jaukus ir \u0161velnus flyso r\u016bbas su\u0161ildys v\u0117s\u0173 vasaros vakar\u0105 lauke bei \u0161alt\u0105 \u017eiemos dien\u0105 kambaryje. Nevar\u017eantis judesi\u0173 r\u016bbas leis ma\u017eyliui aktyviai leisti laik\u0105 tiek lauke, tek dar\u017eelyje ar \u017eaidim\u0173 kambaryje. Flysas yra lengvas audinys su mink\u0161tu, itin \u0161velniu pavir\u0161iumi, suteikian\u010diu \u0161ilum\u0105 ir [&hellip;]<\/p>\n","protected":false},"featured_media":7904,"template":"","meta":{"_acf_changed":false},"pwb-brand":[100],"product_brand":[],"product_cat":[40,67,55],"product_tag":[],"class_list":{"0":"post-7902","1":"product","2":"type-product","3":"status-publish","4":"has-post-thumbnail","6":"pwb-brand-name-it","7":"product_cat-vaikams","8":"product_cat-kita-apranga-vaikams","9":"product_cat-apranga-laisvalaikiui-vaikams","10":"pa_drabuziu-dydis-144","11":"pa_drabuziu-dydis-147","12":"pa_drabuziu-dydis-148","13":"pa_drabuziu-dydis-142","15":"first","16":"instock","17":"sale","18":"shipping-taxable","19":"purchasable","20":"product-type-variable"},"supplier_id":null,"supplier_sku":"","barcode":null,"atum_controlled":true,"out_stock_date":null,"out_stock_threshold":null,"inheritable":false,"inbound_stock":null,"stock_on_hold":0,"sold_today":0,"sales_last_days":0,"reserved_stock":null,"customer_returns":null,"warehouse_damage":null,"lost_in_post":null,"other_logs":null,"out_stock_days":0,"lost_sales":0,"has_location":null,"update_date":"2026-05-04T03:16:09","atum_locations":[],"atum_stock_status":"instock","restock_status":false,"low_stock_amount":"","sales_update_date":"2026-05-04T03:16:09","calc_backorders":null,"acf":[],"brands":[{"id":100,"name":"NAME IT","slug":"name-it"}],"_links":{"self":[{"href":"https:\/\/dekastar.lt\/lv\/wp-json\/wp\/v2\/product\/7902","targetHints":{"allow":["GET"]}}],"collection":[{"href":"https:\/\/dekastar.lt\/lv\/wp-json\/wp\/v2\/product"}],"about":[{"href":"https:\/\/dekastar.lt\/lv\/wp-json\/wp\/v2\/types\/product"}],"wp:featuredmedia":[{"embeddable":true,"href":"https:\/\/dekastar.lt\/lv\/wp-json\/wp\/v2\/media\/7904"}],"wp:attachment":[{"href":"https:\/\/dekastar.lt\/lv\/wp-json\/wp\/v2\/media?parent=7902"}],"wp:term":[{"taxonomy":"pwb-brand","embeddable":true,"href":"https:\/\/dekastar.lt\/lv\/wp-json\/wp\/v2\/pwb-brand?post=7902"},{"taxonomy":"product_brand","embeddable":true,"href":"https:\/\/dekastar.lt\/lv\/wp-json\/wp\/v2\/product_brand?post=7902"},{"taxonomy":"product_cat","embeddable":true,"href":"https:\/\/dekastar.lt\/lv\/wp-json\/wp\/v2\/product_cat?post=7902"},{"taxonomy":"product_tag","embeddable":true,"href":"https:\/\/dekastar.lt\/lv\/wp-json\/wp\/v2\/product_tag?post=7902"}],"curies":[{"name":"wp","href":"https:\/\/api.w.org\/{rel}","templated":true}]}}