{"id":7958,"date":"2024-10-22T10:57:43","date_gmt":"2024-10-22T10:57:43","guid":{"rendered":"https:\/\/dekastar.lt\/?post_type=product&#038;p=7958"},"modified":"2025-12-05T22:02:17","modified_gmt":"2025-12-05T22:02:17","slug":"reima-tuohi-zieminis-kombinezonas-zalia-lapute","status":"publish","type":"product","link":"https:\/\/dekastar.lt\/lv\/products\/reima-tuohi-zieminis-kombinezonas-zalia-lapute\/","title":{"rendered":"REIMA TUOHI ziemas kombinezons (Za\u013c\u0101 lapsa)"},"content":{"rendered":"<p>REIMA TUOHI ziemas kombinezons, kas nodro\u0161ina, ka j\u016bsu mazulim \u0101r\u0101 b\u016bs ne tikai \u0113rti, silti un sausi, bet ar\u012b stil\u012bgi. Izteiksm\u012bgais dizains un ko\u0161\u0101s kr\u0101sas padar\u012bs ikvienu mazo lieliski izskat\u012bties. T\u0113rps ir izgatavots no \u016bdensnecaurlaid\u012bga, v\u0113ju necaurlaid\u012bga un elpojo\u0161a auduma. Kombinezona \u0101r\u0113jais audums ir izgatavots ar net\u012brumus atgr\u016bdo\u0161u tehnolo\u0123iju. Ap\u0123\u0113rba galven\u0101s \u0161uves ir papildus izol\u0113tas un aizl\u012bm\u0113tas ar \u016bdensnecaurlaid\u012bgu lentu. Kombinezonam ir gluda iek\u0161\u0113j\u0101 odere un gar\u0161 r\u0101v\u0113jsl\u0113dz\u0113js, kas nodro\u0161ina \u0101tru un \u0113rtu \u0123\u0113rb\u0161anos\/iz\u0123\u0113rb\u0161anos. Kombinezonam ir dro\u0161a, liela, no\u0146emama kapuce, kas siltin\u0101ta ar pat\u012bkamu vilnas audumu. J\u016bsu b\u0113rna dro\u0161\u012bbai un redzam\u012bbai \u0101rpus telp\u0101m kombinezonam ir daudz atstarojo\u0161u deta\u013cu gan priek\u0161pus\u0113, gan aizmugur\u0113.<\/p>\n<p>&nbsp;<\/p>\n<p><em>Produkta specifik\u0101cija:<\/em><\/p>\n<ul>\n<li>Ziemas t\u0113rps<\/li>\n<li>Galven\u0101s \u0161uves ir izol\u0113tas, l\u012bm\u0113tas un \u016bdensnecaurlaid\u012bgas.<\/li>\n<li>\u016adens un net\u012brumus atgr\u016bdo\u0161s \u0101r\u0113jais audums <span class=\"Y2IQFc\" lang=\"lt\">BIONIC-FINISH\u00aeECO bez fluoroglek\u013ca<\/span><\/li>\n<li>Gluda poliestera odere<\/li>\n<li>Dro\u0161s, no\u0146emams p\u0101rsegs<\/li>\n<li>Elast\u012bgas, elast\u012bgas aproces un k\u0101ju gali<\/li>\n<li>No\u0146emama, iztur\u012bga silikona apavu cilpa<\/li>\n<li>Garais r\u0101v\u0113jsl\u0113dz\u0113js<\/li>\n<li>Elast\u012bga josta<\/li>\n<li>\u016adensiztur\u012bba: no 5000 mm<\/li>\n<li>Respir\u0101cija: &gt;5 000 g\/m\u00b2\/24 h<\/li>\n<li>Ieteicam\u0101 temperat\u016bra: no 0 l\u012bdz -20 \u00b0C<\/li>\n<\/ul>\n<p><em>Sast\u0101vs:<\/em><\/p>\n<ul>\n<li>\u0100r\u0113jais audums: <span class=\"Y2IQFc\" lang=\"lt\">100% poliesteris, poliuret\u0101na virsma<\/span><\/li>\n<li>Odere: <span class=\"Y2IQFc\" lang=\"lt\">100% poliesteris<\/span><\/li>\n<\/ul>\n<p>Piez\u012bme: L\u016bdzu, \u0146emiet v\u0113r\u0101, ka visiem Reima kombinezoniem ir aug\u0161anas rezerve un to izm\u0113ri ir palielin\u0101ti par aptuveni pusi izm\u0113ra.<\/p>","protected":false},"excerpt":{"rendered":"<p>Prek\u0117s \u017eenklo REIMA TUOHI \u017eieminis kombinezonas, kuris u\u017etikrins, kad J\u016bs\u0173 ma\u017eylio laikas lauke b\u016bt\u0173 ne tik patogus, \u0161iltas, sausas, bet ir stilingas. I\u0161skirtinio dizaino, ry\u0161ki\u0173 spalv\u0173 modeliukas papuo\u0161 bet kur\u012f ma\u017eyl\u012f. Kombinezonas pagamintas i\u0161 vandeniui ir v\u0117jui nepralaidaus bei kv\u0117puojan\u010dio audinio. Kombinezono i\u0161or\u0117s audinys yra su ne\u0161varumus atstumian\u010dia technologija. Pagrindin\u0117s r\u016bbo si\u016bl\u0117s yra papildomai izoliuotos [&hellip;]<\/p>\n","protected":false},"featured_media":7967,"template":"","meta":{"_acf_changed":false},"pwb-brand":[81],"product_brand":[],"product_cat":[40,68,47],"product_tag":[],"class_list":{"0":"post-7958","1":"product","2":"type-product","3":"status-publish","4":"has-post-thumbnail","6":"pwb-brand-reima","7":"product_cat-vaikams","8":"product_cat-kombinezonai","9":"product_cat-zieminiai-kombinezonai","10":"pa_drabuziu-dydis-209","11":"pa_drabuziu-dydis-168","12":"pa_drabuziu-dydis-147","13":"pa_drabuziu-dydis-148","15":"first","16":"instock","17":"sale","18":"shipping-taxable","19":"purchasable","20":"product-type-variable"},"supplier_id":null,"supplier_sku":"","barcode":null,"atum_controlled":true,"out_stock_date":null,"out_stock_threshold":null,"inheritable":false,"inbound_stock":null,"stock_on_hold":0,"sold_today":0,"sales_last_days":0,"reserved_stock":null,"customer_returns":null,"warehouse_damage":null,"lost_in_post":null,"other_logs":null,"out_stock_days":0,"lost_sales":0,"has_location":null,"update_date":"2026-05-04T03:17:20","atum_locations":[],"atum_stock_status":"instock","restock_status":false,"low_stock_amount":"","sales_update_date":"2026-05-04T03:17:20","calc_backorders":null,"acf":[],"brands":[{"id":81,"name":"REIMA","slug":"reima"}],"_links":{"self":[{"href":"https:\/\/dekastar.lt\/lv\/wp-json\/wp\/v2\/product\/7958","targetHints":{"allow":["GET"]}}],"collection":[{"href":"https:\/\/dekastar.lt\/lv\/wp-json\/wp\/v2\/product"}],"about":[{"href":"https:\/\/dekastar.lt\/lv\/wp-json\/wp\/v2\/types\/product"}],"wp:featuredmedia":[{"embeddable":true,"href":"https:\/\/dekastar.lt\/lv\/wp-json\/wp\/v2\/media\/7967"}],"wp:attachment":[{"href":"https:\/\/dekastar.lt\/lv\/wp-json\/wp\/v2\/media?parent=7958"}],"wp:term":[{"taxonomy":"pwb-brand","embeddable":true,"href":"https:\/\/dekastar.lt\/lv\/wp-json\/wp\/v2\/pwb-brand?post=7958"},{"taxonomy":"product_brand","embeddable":true,"href":"https:\/\/dekastar.lt\/lv\/wp-json\/wp\/v2\/product_brand?post=7958"},{"taxonomy":"product_cat","embeddable":true,"href":"https:\/\/dekastar.lt\/lv\/wp-json\/wp\/v2\/product_cat?post=7958"},{"taxonomy":"product_tag","embeddable":true,"href":"https:\/\/dekastar.lt\/lv\/wp-json\/wp\/v2\/product_tag?post=7958"}],"curies":[{"name":"wp","href":"https:\/\/api.w.org\/{rel}","templated":true}]}}