{"id":8084,"date":"2024-10-29T14:23:42","date_gmt":"2024-10-29T14:23:42","guid":{"rendered":"https:\/\/dekastar.lt\/?post_type=product&#038;p=8084"},"modified":"2025-10-22T12:22:13","modified_gmt":"2025-10-22T12:22:13","slug":"name-it-ziemine-striuke-mergaitei-alyvinis-tedis","status":"publish","type":"product","link":"https:\/\/dekastar.lt\/lv\/products\/name-it-ziemine-striuke-mergaitei-alyvinis-tedis\/","title":{"rendered":"NAME IT ziemas jaka meiten\u0113m \"Lilac Teddy\""},"content":{"rendered":"<p>NAME IT, Lietuv\u0101 labi paz\u012bstama z\u012bmola, kas ir \u013coti popul\u0101rs ar saviem rota\u013c\u012bgajiem un funkcion\u0101lajiem mode\u013ciem, jaci\u0146a meiten\u0113m. Tas ir ap\u0123\u0113rbs aukstajai sezonai, kas izgatavots no augstas kvalit\u0101tes materi\u0101liem un r\u016bp\u012bgi p\u0101rdom\u0101t\u0101m deta\u013c\u0101m.<\/p>\n<p>Funkcijas:<br \/>\n1. No\u0146emams p\u0101rsegs<br \/>\n2. 2 priek\u0161\u0113j\u0101s kabatas ar aizdari<br \/>\n3. Elast\u012bgas aproces<br \/>\n4. M\u0101ksl\u012bg\u0101s ka\u017eok\u0101das apdare (Tedis)<br \/>\n5. Priek\u0161pus\u0113 saspringts r\u0101v\u0113jsl\u0113dz\u0113js<\/p>\n<p>Piez\u012bme: izm\u0113rs atbilst<\/p>\n<p>Sast\u0101vs: 100% poliesteris<\/p>","protected":false},"excerpt":{"rendered":"<p>Lietuvoje puikiai \u017einomo ir itin m\u0117gstamo d\u0117l \u017eaisming\u0173 bei funkcionali\u0173 modeli\u0173 NAME IT prek\u0117s \u017eenklo striuk\u0117 mergaitei. Tai kokybi\u0161k\u0173 med\u017eiag\u0173, itin kruop\u0161\u010diai apgalvot\u0173 detali\u0173 r\u016bbas \u0161altajam sezonui. Savyb\u0117s: 1. Nusegamas gobtuvas 2. U\u017esegamos 2 priekin\u0117s ki\u0161en\u0117s 3. Elastingi rankogaliai 4. Dirbtinio kailio dekoravimas (Tedis) 5. Priekinis, sandarus u\u017etrauktukas Pastaba: Dydis atitinka Sud\u0117tis: 100% poliesteris<\/p>","protected":false},"featured_media":8091,"template":"","meta":{"_acf_changed":false},"pwb-brand":[100],"product_brand":[],"product_cat":[40,65],"product_tag":[],"class_list":{"0":"post-8084","1":"product","2":"type-product","3":"status-publish","4":"has-post-thumbnail","6":"pwb-brand-name-it","7":"product_cat-vaikams","8":"product_cat-ziemines-striukes-paltai-lauko-apranga-vaikams","9":"pa_drabuziu-dydis-144","10":"pa_drabuziu-dydis-145","11":"pa_drabuziu-dydis-146","12":"pa_drabuziu-dydis-215","13":"pa_drabuziu-dydis-148","14":"pa_drabuziu-dydis-142","16":"first","17":"instock","18":"sale","19":"shipping-taxable","20":"purchasable","21":"product-type-variable"},"supplier_id":null,"supplier_sku":"","barcode":null,"atum_controlled":true,"out_stock_date":null,"out_stock_threshold":null,"inheritable":false,"inbound_stock":null,"stock_on_hold":0,"sold_today":0,"sales_last_days":0,"reserved_stock":null,"customer_returns":null,"warehouse_damage":null,"lost_in_post":null,"other_logs":null,"out_stock_days":0,"lost_sales":0,"has_location":null,"update_date":"2026-04-23T00:39:48","atum_locations":[],"atum_stock_status":"instock","restock_status":false,"low_stock_amount":"","sales_update_date":"2026-04-23T00:39:48","calc_backorders":null,"acf":[],"brands":[{"id":100,"name":"NAME IT","slug":"name-it"}],"_links":{"self":[{"href":"https:\/\/dekastar.lt\/lv\/wp-json\/wp\/v2\/product\/8084","targetHints":{"allow":["GET"]}}],"collection":[{"href":"https:\/\/dekastar.lt\/lv\/wp-json\/wp\/v2\/product"}],"about":[{"href":"https:\/\/dekastar.lt\/lv\/wp-json\/wp\/v2\/types\/product"}],"wp:featuredmedia":[{"embeddable":true,"href":"https:\/\/dekastar.lt\/lv\/wp-json\/wp\/v2\/media\/8091"}],"wp:attachment":[{"href":"https:\/\/dekastar.lt\/lv\/wp-json\/wp\/v2\/media?parent=8084"}],"wp:term":[{"taxonomy":"pwb-brand","embeddable":true,"href":"https:\/\/dekastar.lt\/lv\/wp-json\/wp\/v2\/pwb-brand?post=8084"},{"taxonomy":"product_brand","embeddable":true,"href":"https:\/\/dekastar.lt\/lv\/wp-json\/wp\/v2\/product_brand?post=8084"},{"taxonomy":"product_cat","embeddable":true,"href":"https:\/\/dekastar.lt\/lv\/wp-json\/wp\/v2\/product_cat?post=8084"},{"taxonomy":"product_tag","embeddable":true,"href":"https:\/\/dekastar.lt\/lv\/wp-json\/wp\/v2\/product_tag?post=8084"}],"curies":[{"name":"wp","href":"https:\/\/api.w.org\/{rel}","templated":true}]}}