{"id":8138,"date":"2024-10-29T15:07:42","date_gmt":"2024-10-29T15:07:42","guid":{"rendered":"https:\/\/dekastar.lt\/?post_type=product&#038;p=8138"},"modified":"2025-11-28T09:46:52","modified_gmt":"2025-11-28T09:46:52","slug":"reima-ziemos-kombinezonas-lappi-melyni-lapiukai","status":"publish","type":"product","link":"https:\/\/dekastar.lt\/lv\/products\/reima-ziemos-kombinezonas-lappi-melyni-lapiukai\/","title":{"rendered":"REIMA ziemas t\u0113rps LAPPI (Zil\u0101s lapsas)"},"content":{"rendered":"<p>Piln\u012bgi \u016bdensnecaurlaid\u012bgs Reimatec b\u0113rnu ziemas kombinezons ar m\u012b\u013ciem apdruk\u0101m un no\u0146emamu kapuci ar m\u0101ksl\u012bgo ka\u017eok\u0101du.<\/p>\n<p>Gar\u0161 r\u0101v\u0113jsl\u0113dz\u0113js \u0113rtai \u0123\u0113rb\u0161an\u0101s atvieglo\u0161anai. Viegli kopjams kr\u016b\u0161ut\u0113rps ir lieliska izv\u0113le ziemas izklaid\u0113m. \u016adensnecaurlaid\u012bgs, bet izgatavots no elpojo\u0161a un v\u0113ju necaurlaid\u012bga materi\u0101la un ir notur\u012bgs pret net\u012brumiem. Visas \u0161uves ir aizl\u012bm\u0113tas, lai b\u0113rns nesaslapst\u012btos. Viegli uzvilkt, pateicoties gludajai un siltajai oderei.<\/p>\n<ul>\n<li>Ziemas t\u0113rps;<\/li>\n<li>Visas \u0161uves ir aizl\u012bm\u0113tas;<\/li>\n<li>Audums ir iztur\u012bgs pret net\u012brumiem un \u016bdeni bez fluor\u012bda (BIONIC-FINISH\u00aeECO);<\/li>\n<li>Gluda poliestera oder\u0113jums;<\/li>\n<li>Dro\u0161a, no\u0146emama kapuce ar no\u0146emamu dekorat\u012bvu (m\u0101ksl\u012bgo) ka\u017eok\u0101du;<\/li>\n<li>Elast\u012bgas piedurknes un bik\u0161u gali;<\/li>\n<li>No\u0146emamas, iztur\u012bgas silikona cilpas k\u0101j\u0101m;<\/li>\n<li>Kabatas ar r\u0101v\u0113jsl\u0113dz\u0113ju;<\/li>\n<\/ul>\n<p>Uzman\u012bbu! Reima\u00ae kr\u016b\u0161tura biks\u012bt\u0113s ir atst\u0101ta vieta aug\u0161anai (aptuveni 6 cm). Ja j\u016bsu b\u0113rns ruden\u012b ir tuvu 104 cm augumam un ir vid\u0113ja auguma, 104. izm\u0113ra biks\u012bt\u0113m ziem\u0101 vajadz\u0113tu vi\u0146am labi pierast.<\/p>\n<p>Izcelsmes valsts: \u0136\u012bna\/ It\u0101lija\/ Indija\/ Vjetnama.<\/p>\n<p><em>Uztur\u0113\u0161ana:<\/em><\/p>\n<ul>\n<li>Var mazg\u0101t ve\u013casma\u0161\u012bn\u0101 l\u012bdz 40 gr\u0101diem<\/li>\n<li>Izloc\u012bt, mazg\u0101jot aizv\u0113rt visas r\u0101v\u0113jsl\u0113dz\u0113ju pogas<\/li>\n<li>Ve\u013cas mazg\u0101\u0161anas laik\u0101 neizmantojiet audumu m\u012bkstin\u0101t\u0101jus un balin\u0101t\u0101jus.<\/li>\n<li>Nedr\u012bkst \u017e\u0101v\u0113t ve\u013cas \u017e\u0101v\u0113tav\u0101. P\u0113c skalo\u0161anas atst\u0101jiet no\u017e\u016bt istabas temperat\u016br\u0101.<\/li>\n<\/ul>","protected":false},"excerpt":{"rendered":"<p>Visi\u0161kai nepralaidus vandeniui Reimatec vaiki\u0161kas \u017eieminis kombinezonas su mielais pie\u0161iniais ir nuimamu gobtuvu su dirbtiniu kailiu. Ilgas u\u017etrauktukas palengvina apsirengim\u0105. Lengvai pri\u017ei\u016brimas kombinezonas yra puikus pasirinkimas \u017eiemos linksmyb\u0117ms. Vandeniui nepralaidus, ta\u010diau pagamintas i\u0161 kv\u0117puojan\u010dios ir v\u0117jo neperpu\u010diamos med\u017eiagos, bei yra atsparus purvui. Visos si\u016bl\u0117s u\u017esandarintos, kad vaikas neper\u0161lapt\u0173.\u00a0Lengvai apsivelkamas d\u0117l lygaus ir \u0161ilto pamu\u0161alo. \u017dieminis [&hellip;]<\/p>\n","protected":false},"featured_media":8151,"template":"","meta":{"_acf_changed":false},"pwb-brand":[81],"product_brand":[],"product_cat":[40,68,47],"product_tag":[],"class_list":{"0":"post-8138","1":"product","2":"type-product","3":"status-publish","4":"has-post-thumbnail","6":"pwb-brand-reima","7":"product_cat-vaikams","8":"product_cat-kombinezonai","9":"product_cat-zieminiai-kombinezonai","10":"pa_drabuziu-dydis-209","11":"pa_drabuziu-dydis-168","12":"pa_drabuziu-dydis-147","13":"pa_drabuziu-dydis-148","14":"pa_drabuziu-dydis-142","16":"first","17":"instock","18":"sale","19":"shipping-taxable","20":"purchasable","21":"product-type-variable"},"supplier_id":null,"supplier_sku":"","barcode":null,"atum_controlled":true,"out_stock_date":null,"out_stock_threshold":null,"inheritable":false,"inbound_stock":null,"stock_on_hold":0,"sold_today":0,"sales_last_days":0,"reserved_stock":null,"customer_returns":null,"warehouse_damage":null,"lost_in_post":null,"other_logs":null,"out_stock_days":0,"lost_sales":0,"has_location":null,"update_date":"2026-04-14T00:36:43","atum_locations":[],"atum_stock_status":"instock","restock_status":false,"low_stock_amount":"","sales_update_date":"2026-04-14T00:36:43","calc_backorders":null,"acf":[],"brands":[{"id":81,"name":"REIMA","slug":"reima"}],"_links":{"self":[{"href":"https:\/\/dekastar.lt\/lv\/wp-json\/wp\/v2\/product\/8138","targetHints":{"allow":["GET"]}}],"collection":[{"href":"https:\/\/dekastar.lt\/lv\/wp-json\/wp\/v2\/product"}],"about":[{"href":"https:\/\/dekastar.lt\/lv\/wp-json\/wp\/v2\/types\/product"}],"wp:featuredmedia":[{"embeddable":true,"href":"https:\/\/dekastar.lt\/lv\/wp-json\/wp\/v2\/media\/8151"}],"wp:attachment":[{"href":"https:\/\/dekastar.lt\/lv\/wp-json\/wp\/v2\/media?parent=8138"}],"wp:term":[{"taxonomy":"pwb-brand","embeddable":true,"href":"https:\/\/dekastar.lt\/lv\/wp-json\/wp\/v2\/pwb-brand?post=8138"},{"taxonomy":"product_brand","embeddable":true,"href":"https:\/\/dekastar.lt\/lv\/wp-json\/wp\/v2\/product_brand?post=8138"},{"taxonomy":"product_cat","embeddable":true,"href":"https:\/\/dekastar.lt\/lv\/wp-json\/wp\/v2\/product_cat?post=8138"},{"taxonomy":"product_tag","embeddable":true,"href":"https:\/\/dekastar.lt\/lv\/wp-json\/wp\/v2\/product_tag?post=8138"}],"curies":[{"name":"wp","href":"https:\/\/api.w.org\/{rel}","templated":true}]}}