{"id":8440,"date":"2024-11-12T16:03:46","date_gmt":"2024-11-12T16:03:46","guid":{"rendered":"https:\/\/dekastar.lt\/?post_type=product&#038;p=8440"},"modified":"2025-11-28T10:13:33","modified_gmt":"2025-11-28T10:13:33","slug":"name-it-snowstorm12-ziemos-kombinezonas-ruda-melyna","status":"publish","type":"product","link":"https:\/\/dekastar.lt\/lv\/products\/name-it-snowstorm12-ziemos-kombinezonas-ruda-melyna\/","title":{"rendered":"NAME IT SNOWSTORM12 ziemas kombinezons (br\u016bns\/zils)"},"content":{"rendered":"<p>Ja mekl\u0113jat siltu, kvalitat\u012bvu virsdr\u0113bi sl\u0113po\u0161anai un aukst\u0101m ziemas dien\u0101m, tad \u0161is kr\u016b\u0161ut\u0113rps ir tie\u0161i tas, kas jums nepiecie\u0161ams. Daudz\u0101s sl\u0113po\u0161anas deta\u013cas nodro\u0161ina j\u016bsu b\u0113rna komfortu un ir lieliski piem\u0113rotas m\u0101j\u012bgai un akt\u012bvai dienai uz sniega.<\/p>\n<p>Funkcion\u0101lais virsdr\u0113bju materi\u0101ls ir iztur\u012bgs, \u016bdensnecaurlaid\u012bgs, elpojo\u0161s un v\u0113ja necaurlaid\u012bgs; lieliski piem\u0113rots rota\u013c\u0101m \u0101r\u0101 aukst\u0101s, v\u0113jain\u0101s un lietain\u0101s dien\u0101s.<\/p>\n<p>NAME IT ra\u017eo kvalitat\u012bvus virsdr\u0113bes kop\u0161 1986. gada, \u012bpa\u0161u uzman\u012bbu piev\u0113r\u0161ot funkcionalit\u0101tei un dro\u0161\u012bbai. T\u0101 cen\u0161as sekot jaun\u0101kaj\u0101m modes tendenc\u0113m, kas tiek p\u0101rv\u0113rstas \u0113rtos virsdr\u0113b\u0113s b\u0113rniem.<\/p>\n<p> PRODUKTA \u012aPA\u0160\u012aBAS:<br \/>\n- Preces veids: ziemas kombinezoni<br \/>\n - Funkcionalit\u0101te: \u016bdensnecaurlaid\u012bgs l\u012bdz 12 000 mm, elpojo\u0161s l\u012bdz 7 000 g\/m2\/24 h, iztur\u012bgs l\u012bdz 50 000 Martindale, iztur\u012bgs pret v\u0113ju, piln\u012bb\u0101 l\u012bm\u0113tas \u0161uves piln\u012bgai \u016bdensnecaurlaid\u012bbai.<br \/>\n - Piedurknes: gar\u0101m piedurkn\u0113m<br \/>\n - Aproces: Elast\u012bgas, sl\u0113gtas aproces, kas ne\u013cauj sniegot<br \/>\n - Aizdare: r\u0101v\u0113jsl\u0113dz\u0113js<br \/>\n - Kabatas: priek\u0161\u0113j\u0101s kabatas ar r\u0101v\u0113jsl\u0113dz\u0113ju, kabata ar r\u0101v\u0113jsl\u0113dz\u0113ju kart\u0113m<br \/>\n - Inform\u0101cija par p\u0113d\u0101m: no\u0146emamas un regul\u0113jamas p\u0113das cilpas, kas izgatavotas no iztur\u012bgas gumijas, lai \u0113rti piegu\u013c, regul\u0113jamas k\u0101ju atveres, elast\u012bgas aproces, sniega apkakles, kas ne\u013cauj sniega sniega s\u016bkur\u012b iek\u013c\u016bt.<br \/>\n - Polster\u0113jums: augsta izol\u0101cija<br \/>\n - Papildu inform\u0101cija: dekorat\u012bvas atstarojo\u0161as deta\u013cas, no\u0146emama sint\u0113tisk\u0101s ka\u017eok\u0101das deta\u013ca, no\u0146emama kapuce dro\u0161\u012bbai, elast\u012bga josta, siltin\u0101ta s\u0113dvieta, lai b\u0113rnam b\u016btu silti, kad vi\u0146\u0161 s\u0113\u017e \u0101r\u0101, r\u0101v\u0113jsl\u0113dz\u0113ja aizsardz\u012bba, lai r\u0101v\u0113jsl\u0113dz\u0113js nesavilktu \u0101du, v\u0113tras atloks, lai nov\u0113rstu v\u0113ja iek\u013c\u016b\u0161anu, ce\u013cu un s\u0113dek\u013ca pastiprin\u0101jums.<br \/>\n - Mazg\u0101\u0161ana\/apdare: BEZ PFAS - NAME IT produktos netiek izmantoti fluora savienojumi.<\/p>\n<p>Kvalit\u0101tes apraksts<br \/>\nDzimums: univers\u0101ls<br \/>\nSast\u0101vs: 100% neilons<\/p>","protected":false},"excerpt":{"rendered":"<p>Jei ie\u0161kote \u0161ilt\u0173, kokybi\u0161k\u0173 vir\u0161utini\u0173 drabu\u017ei\u0173 slidin\u0117jimui ir \u0161altoms \u017eiemos dienoms, tai \u0161is kombinezonas yra b\u016btent ten, ko Jums reikia. Daugyb\u0117 slidin\u0117jimo detali\u0173 u\u017etikrina J\u016bs\u0173 vaiko komfort\u0105 ir puikiai tinka jaukiai ir aktyviai praleisti dien\u0105 sniege. Funkcin\u0117 vir\u0161utini\u0173 drabu\u017ei\u0173 med\u017eiaga yra patvari, atspari vandeniui, kv\u0117puojanti ir nepraleid\u017eianti v\u0117jo; puikiai tinka \u017eaisti lauke \u0161altomis, v\u0117juotomis ir [&hellip;]<\/p>\n","protected":false},"featured_media":8449,"template":"","meta":{"_acf_changed":false},"pwb-brand":[100],"product_brand":[],"product_cat":[40,68,47],"product_tag":[],"class_list":{"0":"post-8440","1":"product","2":"type-product","3":"status-publish","4":"has-post-thumbnail","6":"pwb-brand-name-it","7":"product_cat-vaikams","8":"product_cat-kombinezonai","9":"product_cat-zieminiai-kombinezonai","10":"pa_drabuziu-dydis-144","11":"pa_drabuziu-dydis-145","12":"pa_drabuziu-dydis-215","13":"pa_drabuziu-dydis-216","14":"pa_drabuziu-dydis-148","15":"pa_drabuziu-dydis-142","17":"first","18":"instock","19":"sale","20":"shipping-taxable","21":"purchasable","22":"product-type-variable"},"supplier_id":null,"supplier_sku":"","barcode":null,"atum_controlled":true,"out_stock_date":null,"out_stock_threshold":null,"inheritable":false,"inbound_stock":null,"stock_on_hold":0,"sold_today":0,"sales_last_days":0,"reserved_stock":null,"customer_returns":null,"warehouse_damage":null,"lost_in_post":null,"other_logs":null,"out_stock_days":0,"lost_sales":0,"has_location":null,"update_date":"2026-04-29T03:16:06","atum_locations":[],"atum_stock_status":"instock","restock_status":false,"low_stock_amount":"","sales_update_date":"2026-04-29T03:16:06","calc_backorders":null,"acf":[],"brands":[{"id":100,"name":"NAME IT","slug":"name-it"}],"_links":{"self":[{"href":"https:\/\/dekastar.lt\/lv\/wp-json\/wp\/v2\/product\/8440","targetHints":{"allow":["GET"]}}],"collection":[{"href":"https:\/\/dekastar.lt\/lv\/wp-json\/wp\/v2\/product"}],"about":[{"href":"https:\/\/dekastar.lt\/lv\/wp-json\/wp\/v2\/types\/product"}],"wp:featuredmedia":[{"embeddable":true,"href":"https:\/\/dekastar.lt\/lv\/wp-json\/wp\/v2\/media\/8449"}],"wp:attachment":[{"href":"https:\/\/dekastar.lt\/lv\/wp-json\/wp\/v2\/media?parent=8440"}],"wp:term":[{"taxonomy":"pwb-brand","embeddable":true,"href":"https:\/\/dekastar.lt\/lv\/wp-json\/wp\/v2\/pwb-brand?post=8440"},{"taxonomy":"product_brand","embeddable":true,"href":"https:\/\/dekastar.lt\/lv\/wp-json\/wp\/v2\/product_brand?post=8440"},{"taxonomy":"product_cat","embeddable":true,"href":"https:\/\/dekastar.lt\/lv\/wp-json\/wp\/v2\/product_cat?post=8440"},{"taxonomy":"product_tag","embeddable":true,"href":"https:\/\/dekastar.lt\/lv\/wp-json\/wp\/v2\/product_tag?post=8440"}],"curies":[{"name":"wp","href":"https:\/\/api.w.org\/{rel}","templated":true}]}}