{"id":8478,"date":"2024-11-12T16:45:31","date_gmt":"2024-11-12T16:45:31","guid":{"rendered":"https:\/\/dekastar.lt\/?post_type=product&#038;p=8478"},"modified":"2025-11-26T19:10:24","modified_gmt":"2025-11-26T19:10:24","slug":"reima-nouto-ziemines-pirstines-alyvines","status":"publish","type":"product","link":"https:\/\/dekastar.lt\/lv\/products\/reima-nouto-ziemines-pirstines-alyvines\/","title":{"rendered":"REIMA NOUTO ziemas cimdi (ceri\u0146i)"},"content":{"rendered":"<p>M\u012bksti cimdi ziemai. \u0160iem cimdiem ir viegla vate un vilnas oder\u0113jums, kas ir m\u012bksts un m\u0101j\u012bgs j\u016bsu mazu\u013ca \u0101dai.<\/p>\n<p>\u0160ie Reima cimdi mazu\u013ciem un b\u0113rniem ir lieliski piem\u0113roti v\u0113s\u0101kam gadalaikam. Cimdiem ir m\u012bksta \u0161\u0137iedras oder\u0113jums, kas cie\u0161i piegu\u013c pie \u0101das un saglab\u0101 siltumu, vienlaikus aizturot mitrumu. Ar \u0161iem b\u0113rnu cimdiem ir jautri un viegli k\u0101pt kokos: pastiprin\u0101tais materi\u0101ls uz plaukstas un \u012bk\u0161\u0137a nodro\u0161ina lielisku sa\u0137eri.<\/p>\n<p>    Ziemas cimdi mazu\u013ciem un b\u0113rniem;<br \/>\n    \u016adensnecaurlaid\u012bgs materi\u0101ls, bez oderes - nav piln\u012bb\u0101 \u016bdensnecaurlaid\u012bgs;<br \/>\n    Pastiprino\u0161s materi\u0101ls plaukst\u0101 un \u012bk\u0161\u0137\u012b;<br \/>\n    BIONIC-FINISH\u00aeECO \u016bdens un net\u012brumu iztur\u012bga fluoroglek\u013ca apdare;<br \/>\n    Satur sertific\u0113tas p\u0101rstr\u0101d\u0101tas \u0161\u0137iedras;<br \/>\n    Bluesign\u00ae apstiprin\u0101ts pamata audums;<br \/>\n    Poliestera \u0161\u0137iedras oder\u0113jums;<br \/>\n    Viegla izol\u0101cija;<br \/>\n    Ar bluesign\u00ae apstiprin\u0101tu 100% p\u0101rstr\u0101d\u0101ta poliestera Fellex\u00ae izol\u0101ciju;<br \/>\n    Atstarojo\u0161a eti\u0137ete aizmugur\u0113;<br \/>\n    Pamatmateri\u0101ls: poliesteris 100%, poliuret\u0101na p\u0101rkl\u0101jums;<br \/>\n    Pastiprin\u0101jums: poliam\u012bds 100%, p\u0101rkl\u0101ts ar poliuret\u0101nu;<br \/>\n    Odere: poliesteris 100%.<\/p>\n<p>Izcelsmes valsts: \u0136\u012bna \/ It\u0101lija \/ Indija \/ Vjetnama.<\/p>\n<p>Izm\u0113ru tabula<\/p>\n<p>Izm\u0113ru tabula<\/strong><br \/>\nVecums Izm\u0113rs Plaukstas augstums (cm) Plaukstas apk\u0101rtm\u0113rs (cm)<br \/>\n0-12 m 0 8 10<br \/>\n6-18 m 1 9 11.5<br \/>\n1-2 y 2 10 12.5<br \/>\n2-4 y 3 11.5 13.5<br \/>\n4-6 y 4 13 15<br \/>\n6-8 y 5 14 16<br \/>\n8-10 y 6 15 17<br \/>\n10-12 y 7 16 17.5<br \/>\n12-14 y 8 17 18<\/p>\n<p>Izm\u0113ru tabula ir provizoriska un var nedaudz at\u0161\u0137irties atkar\u012bb\u0101 no mode\u013ca.<\/p>","protected":false},"excerpt":{"rendered":"<p>Mink\u0161tos pir\u0161tin\u0117s \u017eiemai. \u0160ios pir\u0161tin\u0117s yra su lengva vata ir plau\u0161iniu pamu\u0161alu, kuris mink\u0161tai ir jaukiai priglus prie J\u016bs\u0173 ma\u017eylio odos. \u0160ios \u201eReima\u201c pir\u0161tin\u0117s ma\u017eyliams ir vaikams puikiai tinka v\u0117siuoju met\u0173 laiku. Pir\u0161tinyt\u0117s yra su mink\u0161tu plau\u0161iniu pamu\u0161alu, kuris jaukiai priglunda prie odos ir i\u0161laiko \u0161ilum\u0105, kartu sulaikydamas dr\u0117gm\u0119. Su \u0161iomis vaiki\u0161komis pir\u0161tin\u0117mis smagu ir [&hellip;]<\/p>\n","protected":false},"featured_media":8485,"template":"","meta":{"_acf_changed":false},"pwb-brand":[81],"product_brand":[],"product_cat":[40,49,232],"product_tag":[],"class_list":{"0":"post-8478","1":"product","2":"type-product","3":"status-publish","4":"has-post-thumbnail","6":"pwb-brand-reima","7":"product_cat-vaikams","8":"product_cat-aksesuarai-vaikams","9":"product_cat-pirstines","10":"pa_drabuziu-dydis-1-6-18-men","11":"pa_drabuziu-dydis-2-1-2-m","12":"pa_drabuziu-dydis-3-2-4-metai","13":"pa_drabuziu-dydis-4-4-6-metai","14":"pa_drabuziu-dydis-5-6-8-metai","15":"pa_drabuziu-dydis-6-8-10-metu","17":"first","18":"instock","19":"sale","20":"shipping-taxable","21":"purchasable","22":"product-type-variable"},"supplier_id":null,"supplier_sku":"","barcode":null,"atum_controlled":true,"out_stock_date":null,"out_stock_threshold":null,"inheritable":false,"inbound_stock":null,"stock_on_hold":0,"sold_today":0,"sales_last_days":0,"reserved_stock":null,"customer_returns":null,"warehouse_damage":null,"lost_in_post":null,"other_logs":null,"out_stock_days":0,"lost_sales":0,"has_location":null,"update_date":"2026-04-14T00:35:13","atum_locations":[],"atum_stock_status":"instock","restock_status":false,"low_stock_amount":"","sales_update_date":"2026-04-14T00:35:13","calc_backorders":null,"acf":[],"brands":[{"id":81,"name":"REIMA","slug":"reima"}],"_links":{"self":[{"href":"https:\/\/dekastar.lt\/lv\/wp-json\/wp\/v2\/product\/8478","targetHints":{"allow":["GET"]}}],"collection":[{"href":"https:\/\/dekastar.lt\/lv\/wp-json\/wp\/v2\/product"}],"about":[{"href":"https:\/\/dekastar.lt\/lv\/wp-json\/wp\/v2\/types\/product"}],"wp:featuredmedia":[{"embeddable":true,"href":"https:\/\/dekastar.lt\/lv\/wp-json\/wp\/v2\/media\/8485"}],"wp:attachment":[{"href":"https:\/\/dekastar.lt\/lv\/wp-json\/wp\/v2\/media?parent=8478"}],"wp:term":[{"taxonomy":"pwb-brand","embeddable":true,"href":"https:\/\/dekastar.lt\/lv\/wp-json\/wp\/v2\/pwb-brand?post=8478"},{"taxonomy":"product_brand","embeddable":true,"href":"https:\/\/dekastar.lt\/lv\/wp-json\/wp\/v2\/product_brand?post=8478"},{"taxonomy":"product_cat","embeddable":true,"href":"https:\/\/dekastar.lt\/lv\/wp-json\/wp\/v2\/product_cat?post=8478"},{"taxonomy":"product_tag","embeddable":true,"href":"https:\/\/dekastar.lt\/lv\/wp-json\/wp\/v2\/product_tag?post=8478"}],"curies":[{"name":"wp","href":"https:\/\/api.w.org\/{rel}","templated":true}]}}