{"id":8571,"date":"2024-11-13T09:35:31","date_gmt":"2024-11-13T09:35:31","guid":{"rendered":"https:\/\/dekastar.lt\/?post_type=product&#038;p=8571"},"modified":"2025-11-26T19:09:31","modified_gmt":"2025-11-26T19:09:31","slug":"reima-pakuri-zieminis-kombinezonas-zali-rastai-thyme-green","status":"publish","type":"product","link":"https:\/\/dekastar.lt\/lv\/products\/reima-pakuri-zieminis-kombinezonas-zali-rastai-thyme-green\/","title":{"rendered":"Reima PAKURI ziemas kombinezons (Za\u013c\u0161 raksts\/T\u012bma za\u013c\u0161)"},"content":{"rendered":"<p>Reima ziemas kombinezons b\u0113rniem ar atstarojo\u0161\u0101m deta\u013c\u0101m. \u016adensnecaurlaid\u012bgs un v\u0113ja necaurlaid\u012bgs.<\/p>\n<p>Visas \u0161uves ir aizl\u012bm\u0113tas, lai j\u016bsu b\u0113rns lietus vai sniega ku\u0161anas laik\u0101 nesaslapst\u012btos. Lai nodro\u0161in\u0101tu ilgm\u016b\u017e\u012bgu valk\u0101\u0161anu, kr\u016b\u0161ut\u0113rps ir pastiprin\u0101ts ar \u012bpa\u0161i iztur\u012bgu materi\u0101lu uz s\u0113dek\u013ca, ce\u013cgaliem un elko\u0146iem. Viegli no\u0146emam\u0101 kapuce ne tikai pasarg\u0101 no lietus vai sniega, bet ir ar\u012b dro\u0161a. Ja k\u0101ds aiz\u0137ers kapuci vai aiz\u0137ers to par zaru, kapuci viegli atdal\u012bs no t\u0113rpa pamatt\u0113rpa, lai pasarg\u0101tu j\u016bsu b\u0113rnu. Silikona biks\u012b\u0161u cilpas cie\u0161i piegu\u013c apaviem neatkar\u012bgi no t\u0101, cik \u0101tri skrienat. Viegli uzvilkt, pateicoties gludajai un siltajai oderei. \u0160is kombinezons ir viegli kopjams un valk\u0101jams ap\u0123\u0113rbs da\u017e\u0101diem \u0101ra piedz\u012bvojumiem!<\/p>\n<ul>\n<li>Ziemas t\u0113rps;<\/li>\n<li>Galven\u0101s \u0161uves ir aizl\u012bm\u0113tas;<\/li>\n<li>\u012apa\u0161i iztur\u012bgs materi\u0101ls;<\/li>\n<li>Audums ir iztur\u012bgs pret net\u012brumiem un \u016bdeni bez fluor\u012bda (BIONIC-FINISH\u00aeECO);<\/li>\n<li>Gluda poliestera oder\u0113jums;<\/li>\n<li>Dro\u0161s, no\u0146emams p\u0101rsegs;<\/li>\n<li>Elast\u012bgas piedurknes un bik\u0161u gali;<\/li>\n<li>Regul\u0113jams viduklis iek\u0161pus\u0113;<\/li>\n<li>No\u0146emamas, iztur\u012bgas silikona cilpas k\u0101j\u0101m;<\/li>\n<li>Divas r\u0101v\u0113jsl\u0113dz\u0113ja aizdares kabatas;<\/li>\n<li>Atstarojo\u0161ie z\u012bm\u0113jumi.<\/li>\n<\/ul>\n<p>Izcelsmes valsts: \u0136\u012bna\/ It\u0101lija\/ Indija\/ Vjetnama.<\/p>\n<p>Uzman\u012bbu! Reima\u00ae kr\u016b\u0161tura biks\u012bt\u0113s ir atst\u0101ta vieta aug\u0161anai (aptuveni 6 cm). Ja j\u016bsu b\u0113rns ruden\u012b ir tuvu 104 cm augumam un ir vid\u0113ja auguma, 104. izm\u0113ra biks\u012bt\u0113m ziem\u0101 vajadz\u0113tu vi\u0146am labi pierast.<\/p>","protected":false},"excerpt":{"rendered":"<p>Reima \u017eieminis kombinezonas vaikams su \u0161vies\u0105 atspindin\u010diomis detal\u0117mis. Neper\u0161lampantis ir neperpu\u010diamas v\u0117jo. Kombinezono visos si\u016bl\u0117s u\u017esandarintos, kad vaikas neper\u0161lapt\u0173 lyjant ar tirpstant sniegui. Tam, kad kombinezonas b\u016bt\u0173 d\u0117vimas ilgai, jo s\u0117dimoji dalis, keliai ir alk\u016bn\u0117s sustiprintos papildoma patvaria med\u017eiaga. Lengvai nusegamas gobtuvas apsaugos ne tik nuo lietaus ar sniego, bet ir\u00a0\u00a0yra saugus. Kam nors pa\u010diupus [&hellip;]<\/p>\n","protected":false},"featured_media":8588,"template":"","meta":{"_acf_changed":false},"pwb-brand":[81],"product_brand":[],"product_cat":[40,68,47],"product_tag":[],"class_list":{"0":"post-8571","1":"product","2":"type-product","3":"status-publish","4":"has-post-thumbnail","6":"pwb-brand-reima","7":"product_cat-vaikams","8":"product_cat-kombinezonai","9":"product_cat-zieminiai-kombinezonai","10":"pa_drabuziu-dydis-145","11":"pa_drabuziu-dydis-146","12":"pa_drabuziu-dydis-215","13":"pa_drabuziu-dydis-216","14":"pa_drabuziu-dydis-148","15":"pa_drabuziu-dydis-142","17":"first","18":"instock","19":"sale","20":"shipping-taxable","21":"purchasable","22":"product-type-variable"},"supplier_id":null,"supplier_sku":"","barcode":null,"atum_controlled":true,"out_stock_date":null,"out_stock_threshold":null,"inheritable":false,"inbound_stock":null,"stock_on_hold":0,"sold_today":0,"sales_last_days":0,"reserved_stock":null,"customer_returns":null,"warehouse_damage":null,"lost_in_post":null,"other_logs":null,"out_stock_days":0,"lost_sales":0,"has_location":null,"update_date":"2026-05-04T03:17:54","atum_locations":[],"atum_stock_status":"instock","restock_status":false,"low_stock_amount":"","sales_update_date":"2026-05-04T03:17:54","calc_backorders":null,"acf":[],"brands":[{"id":81,"name":"REIMA","slug":"reima"}],"_links":{"self":[{"href":"https:\/\/dekastar.lt\/lv\/wp-json\/wp\/v2\/product\/8571","targetHints":{"allow":["GET"]}}],"collection":[{"href":"https:\/\/dekastar.lt\/lv\/wp-json\/wp\/v2\/product"}],"about":[{"href":"https:\/\/dekastar.lt\/lv\/wp-json\/wp\/v2\/types\/product"}],"wp:featuredmedia":[{"embeddable":true,"href":"https:\/\/dekastar.lt\/lv\/wp-json\/wp\/v2\/media\/8588"}],"wp:attachment":[{"href":"https:\/\/dekastar.lt\/lv\/wp-json\/wp\/v2\/media?parent=8571"}],"wp:term":[{"taxonomy":"pwb-brand","embeddable":true,"href":"https:\/\/dekastar.lt\/lv\/wp-json\/wp\/v2\/pwb-brand?post=8571"},{"taxonomy":"product_brand","embeddable":true,"href":"https:\/\/dekastar.lt\/lv\/wp-json\/wp\/v2\/product_brand?post=8571"},{"taxonomy":"product_cat","embeddable":true,"href":"https:\/\/dekastar.lt\/lv\/wp-json\/wp\/v2\/product_cat?post=8571"},{"taxonomy":"product_tag","embeddable":true,"href":"https:\/\/dekastar.lt\/lv\/wp-json\/wp\/v2\/product_tag?post=8571"}],"curies":[{"name":"wp","href":"https:\/\/api.w.org\/{rel}","templated":true}]}}