{"id":8721,"date":"2024-12-13T09:32:39","date_gmt":"2024-12-13T09:32:39","guid":{"rendered":"https:\/\/dekastar.lt\/?post_type=product&#038;p=8721"},"modified":"2025-10-22T12:22:35","modified_gmt":"2025-10-22T12:22:35","slug":"reima-vimpeli-zieminiai-batai","status":"publish","type":"product","link":"https:\/\/dekastar.lt\/lv\/products\/reima-vimpeli-zieminiai-batai\/","title":{"rendered":"REIMA Kinoskin ziemas z\u0101baki"},"content":{"rendered":"<p>\"Reimatec \u016bdensnecaurlaid\u012bgi ziemas z\u0101baki b\u0113rniem. Ar vilnas oder\u0113jumu un elast\u012bgu un iztur\u012bgu zoli, kas nodro\u0161ina lielisku sa\u0137eri.<\/p>\n<p>Sagaidiet ziemu ar \u0161iem stil\u012bgajiem ziemas z\u0101bakiem. Reimatec b\u0113rnu z\u0101baki ir \u016bdensnecaurlaid\u012bgi l\u012bdz pot\u012btei (tekstilmateri\u0101la da\u013ca), un tiem ir viegla un elast\u012bga gumijas zole, kas lieliski sa\u0137eras ar ce\u013cu. Apaviem ir vilnas mais\u012bjuma oder\u0113jums un filca zol\u012bte, lai mazajiem pirksti\u0146iem b\u016btu silti.<\/p>\n<p>    \u016adensnecaurlaid\u012bgi sezonas vidus apavi;<br \/>\n    Aug\u0161da\u013ca ir izgatavota no tekstilmateri\u0101la un sint\u0113tisk\u0101m \u0161\u0137iedr\u0101m, kas sajauktas ar \u0101du;<br \/>\n    Elast\u012bga gumijas zole nodro\u0161ina ide\u0101lu sa\u0137eri;<br \/>\n    \u016adensnecaurlaid\u012bga konstrukcija l\u012bdz pot\u012btei (tekstilmateri\u0101la da\u013ca) ar herm\u0113tisku oder\u0113jumu un vilnas mais\u012bjuma oderi;<br \/>\n    200 g vilnas izol\u0101cijas;<br \/>\n    No\u0146emamas zol\u012btes ar Happy Fit apdruku pal\u012bdz atrast pareizo izm\u0113ru;<br \/>\n    Atstarojo\u0161as deta\u013cas;<br \/>\n    \u016adens un net\u012brumu necaurlaid\u012bga apdare bez fluorog\u013c\u016bde\u0146ra\u017eiem.<\/p>\n<p>Izcelsmes valsts: \u0136\u012bna\/It\u0101lija\/Indija\/Vjetnama.<\/p>","protected":false},"excerpt":{"rendered":"<p>\u201eReimatec\u201c vandeniui atspar\u016bs \u017eieminiai batai vaikams. Su vilnos mi\u0161inio pamu\u0161alu, lanks\u010diu ir patvariu padu, kuris u\u017etikrina puik\u0173 sukibim\u0105. Pasitikite \u017eiem\u0105 su \u0161iais stilingais \u017eieminiais batais. Atspar\u016bs vandeniui iki kulk\u0161nies (tekstilin\u0117s dalies) vaiki\u0161ki \u201eReimatec\u201c batai yra lengvi, turi lankst\u0173 gumin\u012f pad\u0105, kuris puikiai sukimba su kelio danga. Batai turi vilnos mi\u0161inio pamu\u0161al\u0105 ir veltinio vidpad\u012f, kuris [&hellip;]<\/p>\n","protected":false},"featured_media":8728,"template":"","meta":{"_acf_changed":false},"pwb-brand":[81],"product_brand":[],"product_cat":[40,48],"product_tag":[],"class_list":{"0":"post-8721","1":"product","2":"type-product","3":"status-publish","4":"has-post-thumbnail","6":"pwb-brand-reima","7":"product_cat-vaikams","8":"product_cat-avalyne-vaikams","9":"pa_avalynes-dydis-136","10":"pa_avalynes-dydis-135","11":"pa_avalynes-dydis-134","12":"pa_avalynes-dydis-133","13":"pa_avalynes-dydis-132","14":"pa_avalynes-dydis-131","15":"pa_avalynes-dydis-130","16":"pa_avalynes-dydis-119","17":"pa_avalynes-dydis-120","18":"pa_avalynes-dydis-121","19":"pa_avalynes-dydis-122","20":"pa_avalynes-dydis-123","21":"pa_avalynes-dydis-124","22":"pa_avalynes-dydis-125","23":"pa_avalynes-dydis-90","24":"pa_avalynes-dydis-91","25":"pa_avalynes-dydis-92","27":"first","28":"instock","29":"sale","30":"shipping-taxable","31":"purchasable","32":"product-type-variable"},"supplier_id":null,"supplier_sku":"","barcode":null,"atum_controlled":true,"out_stock_date":null,"out_stock_threshold":null,"inheritable":false,"inbound_stock":null,"stock_on_hold":0,"sold_today":0,"sales_last_days":0,"reserved_stock":null,"customer_returns":null,"warehouse_damage":null,"lost_in_post":null,"other_logs":null,"out_stock_days":0,"lost_sales":0,"has_location":null,"update_date":"2026-04-27T03:14:02","atum_locations":[],"atum_stock_status":"instock","restock_status":false,"low_stock_amount":"","sales_update_date":"2026-04-27T03:14:02","calc_backorders":null,"acf":[],"brands":[{"id":81,"name":"REIMA","slug":"reima"}],"_links":{"self":[{"href":"https:\/\/dekastar.lt\/lv\/wp-json\/wp\/v2\/product\/8721","targetHints":{"allow":["GET"]}}],"collection":[{"href":"https:\/\/dekastar.lt\/lv\/wp-json\/wp\/v2\/product"}],"about":[{"href":"https:\/\/dekastar.lt\/lv\/wp-json\/wp\/v2\/types\/product"}],"wp:featuredmedia":[{"embeddable":true,"href":"https:\/\/dekastar.lt\/lv\/wp-json\/wp\/v2\/media\/8728"}],"wp:attachment":[{"href":"https:\/\/dekastar.lt\/lv\/wp-json\/wp\/v2\/media?parent=8721"}],"wp:term":[{"taxonomy":"pwb-brand","embeddable":true,"href":"https:\/\/dekastar.lt\/lv\/wp-json\/wp\/v2\/pwb-brand?post=8721"},{"taxonomy":"product_brand","embeddable":true,"href":"https:\/\/dekastar.lt\/lv\/wp-json\/wp\/v2\/product_brand?post=8721"},{"taxonomy":"product_cat","embeddable":true,"href":"https:\/\/dekastar.lt\/lv\/wp-json\/wp\/v2\/product_cat?post=8721"},{"taxonomy":"product_tag","embeddable":true,"href":"https:\/\/dekastar.lt\/lv\/wp-json\/wp\/v2\/product_tag?post=8721"}],"curies":[{"name":"wp","href":"https:\/\/api.w.org\/{rel}","templated":true}]}}