{"id":9446,"date":"2025-04-16T13:19:17","date_gmt":"2025-04-16T13:19:17","guid":{"rendered":"https:\/\/dekastar.lt\/?post_type=product&#038;p=9446"},"modified":"2025-12-23T19:44:25","modified_gmt":"2025-12-23T19:44:25","slug":"crocs-classic-wheat-klumpes-strawberry-wine","status":"publish","type":"product","link":"https:\/\/dekastar.lt\/lv\/products\/crocs-classic-wheat-klumpes-strawberry-wine\/","title":{"rendered":"CROCS Classic kvie\u0161u pelme\u0146i (Zeme\u0146u v\u012bns)"},"content":{"rendered":"<p>Paredz\u0113ts vid\u0113ji plat\u0101m un plat\u0101m p\u0113d\u0101m<\/p>\n<p>Crocs\u2122 Classic - \u0113rtas, vieglas un \u012bstas baudas j\u016bsu k\u0101j\u0101m.<\/p>\n<p>    Ergonomisks, it\u0101\u013cu stil\u0101;<br \/>\n    Labi v\u0113din\u0101ms;<br \/>\n    Pla\u0161i, ietilp\u012bgi apavi;<br \/>\n    Nesl\u012bdo\u0161a un nemar\u0137\u0113jo\u0161a zole;<br \/>\n    Izgatavotas no \u012bpa\u0161a Croslite\u2122 materi\u0101la;<br \/>\n    Iztur\u012bgs pret nosl\u012bk\u0161anu un viegls;<br \/>\n    Iesaka ortop\u0113di.<\/p>\n<p>Sast\u0101vs: Croslite\u2122 (\u0101r\u0113j\u0101 da\u013ca), Croslite\u2122 (iek\u0161\u0113j\u0101 da\u013ca), Croslite\u2122 (zole).<\/p>\n<p>Izcelsmes valsts: \u0136\u012bna\/Bosnija\/\u0160veice\/Vjetnama.<\/p>\n<p>Izm\u0113ru tabula<\/p>\n<p>V\u012brie\u0161i \/ Sievietes \/ Unisex<br \/>\nUS EU (izm\u0113rs t\u012bmek\u013ca vietn\u0113) Ra\u017eot\u0101ja izm\u0113rs uz eti\u0137etes cm (provizoriskais zol\u012btes garums)<br \/>\nM2 | W4 34 33-34 20cm<br \/>\nM3 | W5 35 34-35 21cm<br \/>\nM4 | W6 36,5 36-37 22cm<br \/>\nM5 | W7 37,5 37-38 23cm<br \/>\nM6 | W8 38,5 38-39 24cm<br \/>\nM7 | W9 39,5 39-40 25cm<br \/>\nM8 | W10 41 41-42 26cm<br \/>\nM9 | W11 42,5 42-43 27cm<br \/>\nM10 | W12 43,5 43-44 28cm<br \/>\nM11 | W13 44,5 45-46 29cm<br \/>\nM12 | W14 45,5 46-47 30cm<br \/>\nM13 | W15 47,5 48-49 31cm<\/p>\n<p> Izm\u0113ru tabula ir provizoriska, un nor\u0101d\u012btie izm\u0113ri var nedaudz at\u0161\u0137irties atkar\u012bb\u0101 no mode\u013ca. <\/p>","protected":false},"excerpt":{"rendered":"<p>Modelis skirtas Vidutin\u0117ms ir pla\u010dioms p\u0117doms Crocs\u2122 Classic &#8211; komforti\u0161ki, lengvi, tikra atgaiva kojoms. Ergonomi\u0161kas, itali\u0161kas stilius; Puikiai ventiliuojami; Platus, erdvus avalyn\u0117s vidus; Neslystantis ir nepaliekantis \u017eymi\u0173 padas; Pagaminta i\u0161 specialios Croslite\u2122 med\u017eiagos; Nesk\u0119stantys ir lengvi; Rekomenduojama ortoped\u0173. Sud\u0117tis: Croslite\u2122 (i\u0161or\u0117), Croslite\u2122 (vidus), Croslite\u2122 (padas). Kilm\u0117s \u0161alis: Kinija \/ Bosnija \/ \u0160veicarija \/ Vietnamas. Dyd\u017ei\u0173 [&hellip;]<\/p>\n","protected":false},"featured_media":9451,"template":"","meta":{"_acf_changed":false},"pwb-brand":[240],"product_brand":[],"product_cat":[39,45,42,38],"product_tag":[],"class_list":{"0":"post-9446","1":"product","2":"type-product","3":"status-publish","4":"has-post-thumbnail","6":"pwb-brand-crocs","7":"product_cat-vyrams","8":"product_cat-avalyne-vyrams","9":"product_cat-avalyne","10":"product_cat-moterims","11":"pa_avalynes-dydis-243","12":"pa_avalynes-dydis-244","14":"first","15":"outofstock","16":"shipping-taxable","17":"product-type-variable"},"supplier_id":null,"supplier_sku":"","barcode":null,"atum_controlled":true,"out_stock_date":null,"out_stock_threshold":null,"inheritable":false,"inbound_stock":null,"stock_on_hold":0,"sold_today":0,"sales_last_days":0,"reserved_stock":null,"customer_returns":null,"warehouse_damage":null,"lost_in_post":null,"other_logs":null,"out_stock_days":0,"lost_sales":0,"has_location":null,"update_date":"2026-04-15T00:36:41","atum_locations":[],"atum_stock_status":"outofstock","restock_status":false,"low_stock_amount":"","sales_update_date":"2026-04-15T00:36:41","calc_backorders":null,"acf":[],"brands":[{"id":240,"name":"CROCS","slug":"crocs"}],"_links":{"self":[{"href":"https:\/\/dekastar.lt\/lv\/wp-json\/wp\/v2\/product\/9446","targetHints":{"allow":["GET"]}}],"collection":[{"href":"https:\/\/dekastar.lt\/lv\/wp-json\/wp\/v2\/product"}],"about":[{"href":"https:\/\/dekastar.lt\/lv\/wp-json\/wp\/v2\/types\/product"}],"wp:featuredmedia":[{"embeddable":true,"href":"https:\/\/dekastar.lt\/lv\/wp-json\/wp\/v2\/media\/9451"}],"wp:attachment":[{"href":"https:\/\/dekastar.lt\/lv\/wp-json\/wp\/v2\/media?parent=9446"}],"wp:term":[{"taxonomy":"pwb-brand","embeddable":true,"href":"https:\/\/dekastar.lt\/lv\/wp-json\/wp\/v2\/pwb-brand?post=9446"},{"taxonomy":"product_brand","embeddable":true,"href":"https:\/\/dekastar.lt\/lv\/wp-json\/wp\/v2\/product_brand?post=9446"},{"taxonomy":"product_cat","embeddable":true,"href":"https:\/\/dekastar.lt\/lv\/wp-json\/wp\/v2\/product_cat?post=9446"},{"taxonomy":"product_tag","embeddable":true,"href":"https:\/\/dekastar.lt\/lv\/wp-json\/wp\/v2\/product_tag?post=9446"}],"curies":[{"name":"wp","href":"https:\/\/api.w.org\/{rel}","templated":true}]}}