{"id":9592,"date":"2025-04-16T16:30:56","date_gmt":"2025-04-16T16:30:56","guid":{"rendered":"https:\/\/dekastar.lt\/?post_type=product&#038;p=9592"},"modified":"2025-10-22T12:23:13","modified_gmt":"2025-10-22T12:23:13","slug":"crocs-baya-platform-sandal-slepetes-melynos","status":"publish","type":"product","link":"https:\/\/dekastar.lt\/lv\/products\/crocs-baya-platform-sandal-slepetes-melynos\/","title":{"rendered":"Crocs\u2122 Baya platformas sandales \u010d\u012bbas (zilas)"},"content":{"rendered":"<p>Sasniedziet jaunu komforta l\u012bmeni ar Baya platformas sand\u0101\u013ciem. \u0160\u012b ir \u0101rk\u0101rt\u012bgi popul\u0101ro Baya Clog sand\u0101\u013cu ar div\u0101m siksni\u0146\u0101m paaugstin\u0101ta versija. \u0160\u012bs sandales var personaliz\u0113t ar Jibbitz\u2122 aksesu\u0101riem.<\/p>\n<p>    Stil\u012bgi paaugstin\u0101tas zoles<br \/>\n    Divu siksni\u0146u aug\u0161\u0113j\u0101 da\u013ca<br \/>\n    Var piel\u0101got ar Jibbitz\u2122 piederumiem<br \/>\n    Iconic Crocs Comfort\u2122: viegls. Elast\u012bgs. 360 gr\u0101du komforts<\/p>\n<p>Izcelsmes valsts: \u0136\u012bna\/Bosnija\/\u0160veice\/Vjetnama.<\/p>\n<p>Izm\u0113ru tabula<\/p>\n<p>V\u012brie\u0161i \/ Sievietes \/ Unisex<br \/>\nUS EU (izm\u0113rs t\u012bmek\u013ca vietn\u0113) Ra\u017eot\u0101ja izm\u0113rs uz eti\u0137etes cm (provizoriskais zol\u012btes garums)<br \/>\nM2 | W4 34 33-34 20cm<br \/>\nM3 | W5 35 34-35 21cm<br \/>\nM4 | W6 36,5 36-37 22cm<br \/>\nM5 | W7 37,5 37-38 23cm<br \/>\nM6 | W8 38,5 38-39 24cm<br \/>\nM7 | W9 39,5 39-40 25cm<br \/>\nM8 | W10 41 41-42 26cm<br \/>\nM9 | W11 42,5 42-43 27cm<br \/>\nM10 | W12 43,5 43-44 28cm<br \/>\nM11 | W13 44,5 45-46 29cm<br \/>\nM12 | W14 45,5 46-47 30cm<br \/>\nM13 | W15 47,5 48-49 31cm<\/p>\n<p> Izm\u0113ru tabula ir provizoriska, un nor\u0101d\u012btie izm\u0113ri var nedaudz at\u0161\u0137irties atkar\u012bb\u0101 no mode\u013ca. <\/p>","protected":false},"excerpt":{"rendered":"<p>Su &#8220;Baya Platform Sandal&#8221; pasieksite nauj\u0105 komforto lyg\u012f. Tai dviej\u0173 dir\u017eeli\u0173, paauk\u0161tinta be galo populiari\u0173 &#8220;Baya Clog&#8221; sandal\u0173 versija. \u0160iuos sandalus galite personalizuoti Jibbitz\u2122 aksesuar\u0173 pagalba. Stilingi paauk\u0161tinti padai Dviej\u0173 dir\u017eeli\u0173 vir\u0161utin\u0117 dalis Galima pritaikyti Jibbitz\u2122 aksesuarus Ikoninis Crocs Comfort\u2122: Lengvi. Lankst\u016bs. 360 laipsni\u0173 komfortas Kilm\u0117s \u0161alis: Kinija \/ Bosnija \/ \u0160veicarija \/ Vietnamas. Dyd\u017ei\u0173 [&hellip;]<\/p>\n","protected":false},"featured_media":9600,"template":"","meta":{"_acf_changed":false},"pwb-brand":[240],"product_brand":[],"product_cat":[39,42,45,38],"product_tag":[],"class_list":{"0":"post-9592","1":"product","2":"type-product","3":"status-publish","4":"has-post-thumbnail","6":"pwb-brand-crocs","7":"product_cat-vyrams","8":"product_cat-avalyne","9":"product_cat-avalyne-vyrams","10":"product_cat-moterims","11":"pa_avalynes-dydis-244","13":"first","14":"instock","15":"sale","16":"shipping-taxable","17":"purchasable","18":"product-type-variable"},"supplier_id":null,"supplier_sku":"","barcode":null,"atum_controlled":true,"out_stock_date":null,"out_stock_threshold":null,"inheritable":false,"inbound_stock":null,"stock_on_hold":0,"sold_today":0,"sales_last_days":0,"reserved_stock":null,"customer_returns":null,"warehouse_damage":null,"lost_in_post":null,"other_logs":null,"out_stock_days":0,"lost_sales":0,"has_location":null,"update_date":"2026-04-15T00:36:46","atum_locations":[],"atum_stock_status":"instock","restock_status":false,"low_stock_amount":"","sales_update_date":"2026-04-15T00:36:46","calc_backorders":null,"acf":[],"brands":[{"id":240,"name":"CROCS","slug":"crocs"}],"_links":{"self":[{"href":"https:\/\/dekastar.lt\/lv\/wp-json\/wp\/v2\/product\/9592","targetHints":{"allow":["GET"]}}],"collection":[{"href":"https:\/\/dekastar.lt\/lv\/wp-json\/wp\/v2\/product"}],"about":[{"href":"https:\/\/dekastar.lt\/lv\/wp-json\/wp\/v2\/types\/product"}],"wp:featuredmedia":[{"embeddable":true,"href":"https:\/\/dekastar.lt\/lv\/wp-json\/wp\/v2\/media\/9600"}],"wp:attachment":[{"href":"https:\/\/dekastar.lt\/lv\/wp-json\/wp\/v2\/media?parent=9592"}],"wp:term":[{"taxonomy":"pwb-brand","embeddable":true,"href":"https:\/\/dekastar.lt\/lv\/wp-json\/wp\/v2\/pwb-brand?post=9592"},{"taxonomy":"product_brand","embeddable":true,"href":"https:\/\/dekastar.lt\/lv\/wp-json\/wp\/v2\/product_brand?post=9592"},{"taxonomy":"product_cat","embeddable":true,"href":"https:\/\/dekastar.lt\/lv\/wp-json\/wp\/v2\/product_cat?post=9592"},{"taxonomy":"product_tag","embeddable":true,"href":"https:\/\/dekastar.lt\/lv\/wp-json\/wp\/v2\/product_tag?post=9592"}],"curies":[{"name":"wp","href":"https:\/\/api.w.org\/{rel}","templated":true}]}}