{"id":9622,"date":"2025-04-17T07:50:58","date_gmt":"2025-04-17T07:50:58","guid":{"rendered":"https:\/\/dekastar.lt\/?post_type=product&#038;p=9622"},"modified":"2025-10-22T12:23:13","modified_gmt":"2025-10-22T12:23:13","slug":"crocs-getaway-platform-h-strap-slepetes-juodos","status":"publish","type":"product","link":"https:\/\/dekastar.lt\/lv\/products\/crocs-getaway-platform-h-strap-slepetes-juodos\/","title":{"rendered":"Crocs\u2122 Getaway Platform H-Strap \u010d\u012bbas (melnas)"},"content":{"rendered":"<p>\"Crocs Getaway kolekcija ar jauno Free Feed Technology\u2122 ievie\u0161 m\u016bsu bez\u0161uvju komforta inov\u0101cijas. M\u012bkst\u0101, elast\u012bg\u0101 Free Fee Technology\u2122 aug\u0161da\u013ca izskat\u0101s tikpat labi k\u0101 l\u012bdz \u0161im, peld uz p\u0113das arkas un kustas kop\u0101 ar jums bez ierobe\u017eojumiem. Pateicoties augstuma un stil\u012bgu siluetu izv\u0113lei, ir pieejamas sandales jebkuram gad\u012bjumam un br\u012bvdien\u0101m! Tikl\u012bdz t\u0101s uzvilksiet, j\u016bs nekad vairs nev\u0113l\u0113sieties t\u0101s no\u0146emt.<\/p>\n<p>Inform\u0101cija par Getaway Platform H-Strap:<\/p>\n<p>           Pla\u0161s izm\u0113rs. M\u0113s iesak\u0101m izv\u0113l\u0113ties \u00bd izm\u0113ra maz\u0101ku izm\u0113ru.<br \/>\n           \"Perfekt\u012bv\u0101ka nek\u0101 jebkad agr\u0101k\" Free Feel Technology\u2122 aug\u0161da\u013ca<br \/>\n           Pl\u0101nas, \u012bpa\u0161i gludas siksni\u0146as<br \/>\n           CARE Neierobe\u017eots komforts<br \/>\n           EASY neiesp\u0113jams vieglums valk\u0101\u0161anai visas dienas garum\u0101<br \/>\n           FLEXIBLE kust\u012bbas kop\u0101 ar jums un katru j\u016bsu soli.<br \/>\n           \u0112rti polster\u0113ta Croslite\u2122 zol\u012bte<br \/>\n           Platformas augstums 1,6\" | 40 mm | 4 cm<\/p>\n<p>Izm\u0113ru tabula<\/p>\n<p>V\u012brie\u0161i \/ Sievietes \/ Unisex<br \/>\nUS EU (izm\u0113rs t\u012bmek\u013ca vietn\u0113) Ra\u017eot\u0101ja izm\u0113rs uz eti\u0137etes cm (provizoriskais zol\u012btes garums)<br \/>\nM2 | W4 34 33-34 20cm<br \/>\nM3 | W5 35 34-35 21cm<br \/>\nM4 | W6 36,5 36-37 22cm<br \/>\nM5 | W7 37,5 37-38 23cm<br \/>\nM6 | W8 38,5 38-39 24cm<br \/>\nM7 | W9 39,5 39-40 25cm<br \/>\nM8 | W10 41 41-42 26cm<br \/>\nM9 | W11 42,5 42-43 27cm<br \/>\nM10 | W12 43,5 43-44 28cm<br \/>\nM11 | W13 44,5 45-46 29cm<br \/>\nM12 | W14 45,5 46-47 30cm<br \/>\nM13 | W15 47,5 48-49 31cm<\/p>\n<p> Izm\u0113ru tabula ir provizoriska, un nor\u0101d\u012btie izm\u0113ri var nedaudz at\u0161\u0137irties atkar\u012bb\u0101 no mode\u013ca. <\/p>","protected":false},"excerpt":{"rendered":"<p>\u201eCrocs Getaway\u201c kolekcija su nauja Free Feed Technology\u2122 technologija pristato m\u016bs\u0173 besi\u016blio komforto naujoves. Mink\u0161ta, lanksti Free Fee Technology\u2122 vir\u0161utin\u0117 dalis atrodo kaip niekad gerai, pl\u016bduriuoja ant p\u0117dos skliauto ir juda su jumis be joki\u0173 apribojim\u0173. Pasirinkdami i\u0161 \u012fvairi\u0173 auk\u0161\u010di\u0173 ir stiling\u0173 siluet\u0173, tur\u0117site sandalus kiekvienai progai ir visoms atostogoms! Kai tik \u012fsispirsite, niekada nebenor\u0117site [&hellip;]<\/p>\n","protected":false},"featured_media":9626,"template":"","meta":{"_acf_changed":false},"pwb-brand":[240],"product_brand":[],"product_cat":[39,42,45,38],"product_tag":[],"class_list":{"0":"post-9622","1":"product","2":"type-product","3":"status-publish","4":"has-post-thumbnail","6":"pwb-brand-crocs","7":"product_cat-vyrams","8":"product_cat-avalyne","9":"product_cat-avalyne-vyrams","10":"product_cat-moterims","11":"pa_avalynes-dydis-278","13":"first","14":"instock","15":"sale","16":"shipping-taxable","17":"purchasable","18":"product-type-variable"},"supplier_id":null,"supplier_sku":"","barcode":null,"atum_controlled":true,"out_stock_date":null,"out_stock_threshold":null,"inheritable":false,"inbound_stock":null,"stock_on_hold":0,"sold_today":0,"sales_last_days":0,"reserved_stock":null,"customer_returns":null,"warehouse_damage":null,"lost_in_post":null,"other_logs":null,"out_stock_days":0,"lost_sales":0,"has_location":null,"update_date":"2026-04-27T03:14:26","atum_locations":[],"atum_stock_status":"instock","restock_status":false,"low_stock_amount":"","sales_update_date":"2026-04-27T03:14:26","calc_backorders":null,"acf":[],"brands":[{"id":240,"name":"CROCS","slug":"crocs"}],"_links":{"self":[{"href":"https:\/\/dekastar.lt\/lv\/wp-json\/wp\/v2\/product\/9622","targetHints":{"allow":["GET"]}}],"collection":[{"href":"https:\/\/dekastar.lt\/lv\/wp-json\/wp\/v2\/product"}],"about":[{"href":"https:\/\/dekastar.lt\/lv\/wp-json\/wp\/v2\/types\/product"}],"wp:featuredmedia":[{"embeddable":true,"href":"https:\/\/dekastar.lt\/lv\/wp-json\/wp\/v2\/media\/9626"}],"wp:attachment":[{"href":"https:\/\/dekastar.lt\/lv\/wp-json\/wp\/v2\/media?parent=9622"}],"wp:term":[{"taxonomy":"pwb-brand","embeddable":true,"href":"https:\/\/dekastar.lt\/lv\/wp-json\/wp\/v2\/pwb-brand?post=9622"},{"taxonomy":"product_brand","embeddable":true,"href":"https:\/\/dekastar.lt\/lv\/wp-json\/wp\/v2\/product_brand?post=9622"},{"taxonomy":"product_cat","embeddable":true,"href":"https:\/\/dekastar.lt\/lv\/wp-json\/wp\/v2\/product_cat?post=9622"},{"taxonomy":"product_tag","embeddable":true,"href":"https:\/\/dekastar.lt\/lv\/wp-json\/wp\/v2\/product_tag?post=9622"}],"curies":[{"name":"wp","href":"https:\/\/api.w.org\/{rel}","templated":true}]}}