{"id":9672,"date":"2025-04-17T08:19:30","date_gmt":"2025-04-17T08:19:30","guid":{"rendered":"https:\/\/dekastar.lt\/?post_type=product&#038;p=9672"},"modified":"2025-10-22T12:23:16","modified_gmt":"2025-10-22T12:23:16","slug":"crocs-classic-crush-sandal-slepetes-rausvos","status":"publish","type":"product","link":"https:\/\/dekastar.lt\/lv\/products\/crocs-classic-crush-sandal-slepetes-rausvos\/","title":{"rendered":"Crocs\u2122 Classic Crush Sandal \u010d\u012bbas (roz\u0101)"},"content":{"rendered":"<p>Jei norite atsinaujinti savo m\u0117gstamus sandalus rinkit\u0117s \u201eClassic Crush Sandal\u201c. \u0160is naujas dinami\u0161kas sandalas, pasi\u017eymintis auk\u0161tesniu padu ir dr\u0105siu dizainu, turi populiari\u0105 ir universali\u0105 dviej\u0173 dir\u017eeli\u0173 konstrukcij\u0105, taip pat skylutes Jibbitz\u2122 aksesuarams ant dir\u017eeli\u0173. M\u0117gstamas \u201eCrocs\u201c patogumas ir nauja stilinga i\u0161vaizda. <\/p>\n<p>    Stilingas dviej\u0173 dir\u017eeli\u0173 dizainas;<br \/>\n    Unikalus 2 coli\u0173 \/ 5,2 cm auk\u0161tis, matuojant nuo grind\u0173 iki kulno;<br \/>\n    Pritaikomi su Jibbitz\u2122 aksesuarais;<br \/>\n    Ikoni\u0161ka &#8220;Crocs Comfort\u2122&#8221;: Lengvi. Lankst\u016bs. 360 laipsni\u0173 komfortas.<\/p>\n<p>Izcelsmes valsts: \u0136\u012bna\/Bosnija\/\u0160veice\/Vjetnama.<\/p>\n<p>Izm\u0113ru tabula<\/p>\n<p>V\u012brie\u0161i \/ Sievietes \/ Unisex<br \/>\nUS EU (izm\u0113rs t\u012bmek\u013ca vietn\u0113) Ra\u017eot\u0101ja izm\u0113rs uz eti\u0137etes cm (provizoriskais zol\u012btes garums)<br \/>\nM2 | W4 34 33-34 20cm<br \/>\nM3 | W5 35 34-35 21cm<br \/>\nM4 | W6 36,5 36-37 22cm<br \/>\nM5 | W7 37,5 37-38 23cm<br \/>\nM6 | W8 38,5 38-39 24cm<br \/>\nM7 | W9 39,5 39-40 25cm<br \/>\nM8 | W10 41 41-42 26cm<br \/>\nM9 | W11 42,5 42-43 27cm<br \/>\nM10 | W12 43,5 43-44 28cm<br \/>\nM11 | W13 44,5 45-46 29cm<br \/>\nM12 | W14 45,5 46-47 30cm<br \/>\nM13 | W15 47,5 48-49 31cm<\/p>\n<p> Izm\u0113ru tabula ir provizoriska, un nor\u0101d\u012btie izm\u0113ri var nedaudz at\u0161\u0137irties atkar\u012bb\u0101 no mode\u013ca. <\/p>","protected":false},"excerpt":{"rendered":"<p>Jei norite atsinaujinti savo m\u0117gstamus sandalus rinkit\u0117s \u201eClassic Crush Sandal\u201c. \u0160is naujas dinami\u0161kas sandalas, pasi\u017eymintis auk\u0161tesniu padu ir dr\u0105siu dizainu, turi populiari\u0105 ir universali\u0105 dviej\u0173 dir\u017eeli\u0173 konstrukcij\u0105, taip pat skylutes Jibbitz\u2122 aksesuarams ant dir\u017eeli\u0173. M\u0117gstamas \u201eCrocs\u201c patogumas ir nauja stilinga i\u0161vaizda. Stilingas dviej\u0173 dir\u017eeli\u0173 dizainas; Unikalus 2 coli\u0173 \/ 5,2 cm auk\u0161tis, matuojant nuo grind\u0173 [&hellip;]<\/p>\n","protected":false},"featured_media":9678,"template":"","meta":{"_acf_changed":false},"pwb-brand":[240],"product_brand":[],"product_cat":[39,42,45,38],"product_tag":[],"class_list":{"0":"post-9672","1":"product","2":"type-product","3":"status-publish","4":"has-post-thumbnail","6":"pwb-brand-crocs","7":"product_cat-vyrams","8":"product_cat-avalyne","9":"product_cat-avalyne-vyrams","10":"product_cat-moterims","11":"pa_avalynes-dydis-253","13":"first","14":"instock","15":"sale","16":"shipping-taxable","17":"purchasable","18":"product-type-variable"},"supplier_id":null,"supplier_sku":"","barcode":null,"atum_controlled":true,"out_stock_date":null,"out_stock_threshold":null,"inheritable":false,"inbound_stock":null,"stock_on_hold":0,"sold_today":0,"sales_last_days":0,"reserved_stock":null,"customer_returns":null,"warehouse_damage":null,"lost_in_post":null,"other_logs":null,"out_stock_days":0,"lost_sales":0,"has_location":null,"update_date":"2026-04-29T03:16:18","atum_locations":[],"atum_stock_status":"instock","restock_status":false,"low_stock_amount":"","sales_update_date":"2026-04-29T03:16:18","calc_backorders":null,"acf":[],"brands":[{"id":240,"name":"CROCS","slug":"crocs"}],"_links":{"self":[{"href":"https:\/\/dekastar.lt\/lv\/wp-json\/wp\/v2\/product\/9672","targetHints":{"allow":["GET"]}}],"collection":[{"href":"https:\/\/dekastar.lt\/lv\/wp-json\/wp\/v2\/product"}],"about":[{"href":"https:\/\/dekastar.lt\/lv\/wp-json\/wp\/v2\/types\/product"}],"wp:featuredmedia":[{"embeddable":true,"href":"https:\/\/dekastar.lt\/lv\/wp-json\/wp\/v2\/media\/9678"}],"wp:attachment":[{"href":"https:\/\/dekastar.lt\/lv\/wp-json\/wp\/v2\/media?parent=9672"}],"wp:term":[{"taxonomy":"pwb-brand","embeddable":true,"href":"https:\/\/dekastar.lt\/lv\/wp-json\/wp\/v2\/pwb-brand?post=9672"},{"taxonomy":"product_brand","embeddable":true,"href":"https:\/\/dekastar.lt\/lv\/wp-json\/wp\/v2\/product_brand?post=9672"},{"taxonomy":"product_cat","embeddable":true,"href":"https:\/\/dekastar.lt\/lv\/wp-json\/wp\/v2\/product_cat?post=9672"},{"taxonomy":"product_tag","embeddable":true,"href":"https:\/\/dekastar.lt\/lv\/wp-json\/wp\/v2\/product_tag?post=9672"}],"curies":[{"name":"wp","href":"https:\/\/api.w.org\/{rel}","templated":true}]}}