{"id":9706,"date":"2025-05-15T09:59:11","date_gmt":"2025-05-15T09:59:11","guid":{"rendered":"https:\/\/dekastar.lt\/?post_type=product&#038;p=9706"},"modified":"2026-03-16T13:19:48","modified_gmt":"2026-03-16T13:19:48","slug":"reima-ratas-5400087a-basutes-juodos","status":"publish","type":"product","link":"https:\/\/dekastar.lt\/lv\/products\/reima-ratas-5400087a-basutes-juodos\/","title":{"rendered":"REIMA Ritenis 5400087A bahilas (Melns)"},"content":{"rendered":"<p>Ar \u0161\u012bm \u012bpa\u0161i vieglaj\u0101m Reima sandal\u0113m j\u016bsu b\u0113rni jut\u012bsies t\u0101, it k\u0101 staig\u0101tu bas\u0101m k\u0101j\u0101m! \u0112rtas b\u0113rnu sandales ar regul\u0113jam\u0101m siksni\u0146\u0101m pal\u012bdz sand\u0101l\u0113m cie\u0161i piegu\u013c k\u0101j\u0101m. Pateicoties EVA zolei, sandales ir \u013coti vieglas, un \u0101dai draudz\u012bg\u0101 odere nekairina \u0101du.<\/p>\n<p>    Sint\u0113tiska un tekstila virsa;<br \/>\n    Tekstila odere;<br \/>\n    \u0112rta aizdare, sandales \u0113rti piegu\u013c k\u0101j\u0101m;<br \/>\n    Elast\u012bga un viegla EVA zole ar TEP stiprin\u0101jumiem un nesl\u012bdo\u0161u virsmu;<br \/>\n    Nesatur dz\u012bvnieku izcelsmes produktus;<br \/>\n    Nesatur fluoroglek\u013ca;<br \/>\n    Galvenais materi\u0101ls: 80 % poliestera, 10 % kokvilnas, 10 % elast\u0101na;<br \/>\n    Zole: 70 % etil\u0113na vinilacet\u0101ta (EVA), 30 % termoplastisk\u0101 gumija.<\/p>\n<p>Kop\u0161ana: noslaukiet net\u012brumus ar dr\u0101nu un iz\u017e\u0101v\u0113jiet sandales istabas temperat\u016br\u0101. Velcro aizdares turiet aizv\u0113rt\u0101 st\u0101vokl\u012b, lai saglab\u0101tu t\u0101s t\u012bras un lietojamas.<\/p>\n<p>Izcelsmes valsts: \u0136\u012bna\/It\u0101lija\/Indija\/Vjetnama.<\/p>","protected":false},"excerpt":{"rendered":"<p>Su \u0161iomis itin lengvomis \u201eReima\u201c basut\u0117mis J\u016bs\u0173 vaikai jausis tartum vaik\u0161\u010diot\u0173 basomis! Patogios vaiki\u0161kos basut\u0117s su reguliuojamais dir\u017eeliais padeda sandalams gerai priglusti prie p\u0117d\u0173. D\u0117l EVA pado sandalai yra labai lengvi, o malonus odai pamu\u0161alas nedirgina odos. Sintetinis ir tekstilinis batvir\u0161is; Tekstil\u0117s pamu\u0161alas; Patogus u\u017esegimas, sandalai patogiai priglunda prie p\u0117d\u0173; Lankstus ir lengvas EVA padas [&hellip;]<\/p>\n","protected":false},"featured_media":9721,"template":"","meta":{"_acf_changed":false},"pwb-brand":[81],"product_brand":[],"product_cat":[40,48],"product_tag":[],"class_list":{"0":"post-9706","1":"product","2":"type-product","3":"status-publish","4":"has-post-thumbnail","6":"pwb-brand-reima","7":"product_cat-vaikams","8":"product_cat-avalyne-vaikams","9":"pa_avalynes-dydis-130","10":"pa_avalynes-dydis-119","11":"pa_avalynes-dydis-120","12":"pa_avalynes-dydis-121","13":"pa_avalynes-dydis-122","14":"pa_avalynes-dydis-123","15":"pa_avalynes-dydis-124","16":"pa_avalynes-dydis-125","17":"pa_avalynes-dydis-90","18":"pa_avalynes-dydis-91","19":"pa_avalynes-dydis-92","21":"first","22":"instock","23":"sale","24":"shipping-taxable","25":"purchasable","26":"product-type-variable"},"supplier_id":null,"supplier_sku":"","barcode":null,"atum_controlled":true,"out_stock_date":null,"out_stock_threshold":null,"inheritable":true,"inbound_stock":null,"stock_on_hold":0,"sold_today":0,"sales_last_days":0,"reserved_stock":null,"customer_returns":null,"warehouse_damage":null,"lost_in_post":null,"other_logs":null,"out_stock_days":0,"lost_sales":0,"has_location":false,"update_date":"2026-04-28T03:13:20","atum_locations":[],"atum_stock_status":"instock","restock_status":false,"low_stock_amount":"","sales_update_date":"2026-04-28T03:13:20","calc_backorders":null,"acf":[],"brands":[{"id":81,"name":"REIMA","slug":"reima"}],"_links":{"self":[{"href":"https:\/\/dekastar.lt\/lv\/wp-json\/wp\/v2\/product\/9706","targetHints":{"allow":["GET"]}}],"collection":[{"href":"https:\/\/dekastar.lt\/lv\/wp-json\/wp\/v2\/product"}],"about":[{"href":"https:\/\/dekastar.lt\/lv\/wp-json\/wp\/v2\/types\/product"}],"wp:featuredmedia":[{"embeddable":true,"href":"https:\/\/dekastar.lt\/lv\/wp-json\/wp\/v2\/media\/9721"}],"wp:attachment":[{"href":"https:\/\/dekastar.lt\/lv\/wp-json\/wp\/v2\/media?parent=9706"}],"wp:term":[{"taxonomy":"pwb-brand","embeddable":true,"href":"https:\/\/dekastar.lt\/lv\/wp-json\/wp\/v2\/pwb-brand?post=9706"},{"taxonomy":"product_brand","embeddable":true,"href":"https:\/\/dekastar.lt\/lv\/wp-json\/wp\/v2\/product_brand?post=9706"},{"taxonomy":"product_cat","embeddable":true,"href":"https:\/\/dekastar.lt\/lv\/wp-json\/wp\/v2\/product_cat?post=9706"},{"taxonomy":"product_tag","embeddable":true,"href":"https:\/\/dekastar.lt\/lv\/wp-json\/wp\/v2\/product_tag?post=9706"}],"curies":[{"name":"wp","href":"https:\/\/api.w.org\/{rel}","templated":true}]}}