{"id":9749,"date":"2025-05-15T10:11:54","date_gmt":"2025-05-15T10:11:54","guid":{"rendered":"https:\/\/dekastar.lt\/?post_type=product&#038;p=9749"},"modified":"2025-11-21T11:16:52","modified_gmt":"2025-11-21T11:16:52","slug":"reima-koralli-sandalai-geltoni","status":"publish","type":"product","link":"https:\/\/dekastar.lt\/lv\/products\/reima-koralli-sandalai-geltoni\/","title":{"rendered":"REIMA Coralli sandales (dzeltenas)"},"content":{"rendered":"<p>P\u0101rsteidzo\u0161i vieglas, \u016bdensnecaurlaid\u012bgas sandales ar pietiekami daudz vietas pirkstu pirkstiem.<\/p>\n<p>    Veg\u0101nisk\u0101s izcelsmes;<br \/>\n    Pla\u0161a aula ar papildu vietu pirkstu pirkstiem;<br \/>\n    Viegla divpunktu velcro aizdare;<br \/>\n    Var mazg\u0101t ve\u013casma\u0161\u012bn\u0101 maig\u0101 cikl\u0101 30 \u00b0C temperat\u016br\u0101;<br \/>\n    Elast\u012bga un viegla EVA zole;<br \/>\n    \u016adens un net\u012brumu iztur\u012bgs p\u0101rkl\u0101jums;<br \/>\n    Og\u013chidr\u0101ti bez fluora.<\/p>\n<p>Izcelsmes valsts: \u0136\u012bna\/It\u0101lija\/Indija\/Vjetnama.<\/p>","protected":false},"excerpt":{"rendered":"<p>Nuostabiai lengvi, vandeniui tinkami sandalai, kuriuose yra daug vietos koj\u0173 pir\u0161tams. Vegani\u0161ki; Platus aulas su papildoma erdve koj\u0173 pir\u0161tams; Lengvas dviej\u0173 ta\u0161k\u0173 velcro u\u017esegimas; Galima skalbti skalbykl\u0117je, \u0161velniu ciklu 30 \u00b0C temperat\u016broje; Lankstus ir lengvas EVA padas; Vandeniui ir purvui atspari danga; Be fluoro angliavandeni\u0173. Kilm\u0117s \u0161alis: Kinija \/ Italija \/ Indija \/ Vietnamas.<\/p>","protected":false},"featured_media":9768,"template":"","meta":{"_acf_changed":false},"pwb-brand":[81],"product_brand":[],"product_cat":[40,48],"product_tag":[],"class_list":{"0":"post-9749","1":"product","2":"type-product","3":"status-publish","4":"has-post-thumbnail","6":"pwb-brand-reima","7":"product_cat-vaikams","8":"product_cat-avalyne-vaikams","9":"pa_avalynes-dydis-135","10":"pa_avalynes-dydis-134","11":"pa_avalynes-dydis-133","12":"pa_avalynes-dydis-132","13":"pa_avalynes-dydis-131","14":"pa_avalynes-dydis-130","15":"pa_avalynes-dydis-119","16":"pa_avalynes-dydis-120","17":"pa_avalynes-dydis-121","18":"pa_avalynes-dydis-122","19":"pa_avalynes-dydis-123","20":"pa_avalynes-dydis-124","21":"pa_avalynes-dydis-125","23":"first","24":"instock","25":"sale","26":"shipping-taxable","27":"purchasable","28":"product-type-variable"},"supplier_id":null,"supplier_sku":"","barcode":null,"atum_controlled":true,"out_stock_date":null,"out_stock_threshold":null,"inheritable":false,"inbound_stock":null,"stock_on_hold":0,"sold_today":0,"sales_last_days":0,"reserved_stock":null,"customer_returns":null,"warehouse_damage":null,"lost_in_post":null,"other_logs":null,"out_stock_days":0,"lost_sales":0,"has_location":null,"update_date":"2026-04-29T03:16:34","atum_locations":[],"atum_stock_status":"instock","restock_status":false,"low_stock_amount":"","sales_update_date":"2026-04-29T03:16:34","calc_backorders":null,"acf":[],"brands":[{"id":81,"name":"REIMA","slug":"reima"}],"_links":{"self":[{"href":"https:\/\/dekastar.lt\/lv\/wp-json\/wp\/v2\/product\/9749","targetHints":{"allow":["GET"]}}],"collection":[{"href":"https:\/\/dekastar.lt\/lv\/wp-json\/wp\/v2\/product"}],"about":[{"href":"https:\/\/dekastar.lt\/lv\/wp-json\/wp\/v2\/types\/product"}],"wp:featuredmedia":[{"embeddable":true,"href":"https:\/\/dekastar.lt\/lv\/wp-json\/wp\/v2\/media\/9768"}],"wp:attachment":[{"href":"https:\/\/dekastar.lt\/lv\/wp-json\/wp\/v2\/media?parent=9749"}],"wp:term":[{"taxonomy":"pwb-brand","embeddable":true,"href":"https:\/\/dekastar.lt\/lv\/wp-json\/wp\/v2\/pwb-brand?post=9749"},{"taxonomy":"product_brand","embeddable":true,"href":"https:\/\/dekastar.lt\/lv\/wp-json\/wp\/v2\/product_brand?post=9749"},{"taxonomy":"product_cat","embeddable":true,"href":"https:\/\/dekastar.lt\/lv\/wp-json\/wp\/v2\/product_cat?post=9749"},{"taxonomy":"product_tag","embeddable":true,"href":"https:\/\/dekastar.lt\/lv\/wp-json\/wp\/v2\/product_tag?post=9749"}],"curies":[{"name":"wp","href":"https:\/\/api.w.org\/{rel}","templated":true}]}}