{"id":9842,"date":"2025-05-15T10:57:42","date_gmt":"2025-05-15T10:57:42","guid":{"rendered":"https:\/\/dekastar.lt\/?post_type=product&#038;p=9842"},"modified":"2025-10-22T12:23:29","modified_gmt":"2025-10-22T12:23:29","slug":"reima-valoa-5400157b-laisvalaikio-avalyne-juoda","status":"publish","type":"product","link":"https:\/\/dekastar.lt\/lv\/products\/reima-valoa-5400157b-laisvalaikio-avalyne-juoda\/","title":{"rendered":"REIMA Valoa 5400157B ikdienas apavi (Melni)"},"content":{"rendered":"<p>\u013boti elpojo\u0161as b\u0113rnu \u010d\u012bbas, kas nodro\u0161ina b\u0113rniem dabisku st\u0101ju un kust\u012bbas.<\/p>\n<p>    Elpojo\u0161s un elast\u012bgs trikot\u0101\u017eas audums;<br \/>\n    Vienm\u0113r\u012bgs zoles augstums dabiskai pozai;<br \/>\n    Elast\u012bgas me\u017e\u0123\u012bnes \u0101trai un \u0113rtai uzvilk\u0161anai;<br \/>\n    Pla\u0161a grifa klaviat\u016bra ar vair\u0101k vietas pirkstiem;<br \/>\n    Elast\u012bga zole kust\u012bbu br\u012bv\u012bbai;<br \/>\n    Veg\u0101nisk\u0101s izcelsmes;<br \/>\n    Elast\u012bg\u0101 gumijas zole nodro\u0161ina lielisku sa\u0137eri;<br \/>\n    No\u0146emamas zol\u012btes;<br \/>\n    Nesatur PVC.<\/p>\n<p>Materi\u0101ls: <\/p>\n<p>    Aug\u0161da\u013ca: tekstils, sint\u0113tika;<br \/>\n    Odere: tekstilmateri\u0101ls;<br \/>\n    Zole: sint\u0113tiska.<\/p>\n<p>\u0160os apavus var mazg\u0101t ve\u013casma\u0161\u012bn\u0101 maig\u0101 cikl\u0101 aukst\u0101 \u016bden\u012b (30 \u00b0C). Pirms mazg\u0101\u0161anas iz\u0146emiet zol\u012btes.<\/p>","protected":false},"excerpt":{"rendered":"<p>Orui itin pralaid\u017eios vaiki\u0161kos basut\u0117s, kurios u\u017etikrins nat\u016brali\u0105 vaik\u0173 laikysen\u0105 ir jud\u0117jim\u0105. Orui pralaidus ir elastinis megzto audinio batvir\u0161is; Vienodo auk\u0161\u010dio padas, u\u017etikrinantis nat\u016brali\u0105 laikysen\u0105; Elastiniai rai\u0161teliai greitam ir lengvam apsiavimui; Platus kurpalis su daugiau erdv\u0117s pir\u0161tams; Lankstus padas u\u017etikrina laisv\u0105 jud\u0117jim\u0105; Vegani\u0161kos; Lankstus kau\u010diuko padas puikiai sukimba su danga; I\u0161imami vidpad\u017eiai; Sud\u0117tyje n\u0117ra PVC. [&hellip;]<\/p>\n","protected":false},"featured_media":9861,"template":"","meta":{"_acf_changed":false},"pwb-brand":[81],"product_brand":[],"product_cat":[40,48],"product_tag":[],"class_list":{"0":"post-9842","1":"product","2":"type-product","3":"status-publish","4":"has-post-thumbnail","6":"pwb-brand-reima","7":"product_cat-vaikams","8":"product_cat-avalyne-vaikams","9":"pa_avalynes-dydis-130","10":"pa_avalynes-dydis-119","11":"pa_avalynes-dydis-120","12":"pa_avalynes-dydis-121","13":"pa_avalynes-dydis-122","14":"pa_avalynes-dydis-123","15":"pa_avalynes-dydis-124","16":"pa_avalynes-dydis-125","17":"pa_avalynes-dydis-90","18":"pa_avalynes-dydis-91","19":"pa_avalynes-dydis-92","20":"pa_avalynes-dydis-93","21":"pa_avalynes-dydis-94","23":"first","24":"instock","25":"sale","26":"shipping-taxable","27":"purchasable","28":"product-type-variable"},"supplier_id":null,"supplier_sku":"","barcode":null,"atum_controlled":true,"out_stock_date":null,"out_stock_threshold":null,"inheritable":false,"inbound_stock":null,"stock_on_hold":0,"sold_today":0,"sales_last_days":0,"reserved_stock":null,"customer_returns":null,"warehouse_damage":null,"lost_in_post":null,"other_logs":null,"out_stock_days":0,"lost_sales":0,"has_location":null,"update_date":"2026-04-27T03:13:05","atum_locations":[],"atum_stock_status":"instock","restock_status":false,"low_stock_amount":"","sales_update_date":"2026-04-27T03:13:05","calc_backorders":null,"acf":[],"brands":[{"id":81,"name":"REIMA","slug":"reima"}],"_links":{"self":[{"href":"https:\/\/dekastar.lt\/lv\/wp-json\/wp\/v2\/product\/9842","targetHints":{"allow":["GET"]}}],"collection":[{"href":"https:\/\/dekastar.lt\/lv\/wp-json\/wp\/v2\/product"}],"about":[{"href":"https:\/\/dekastar.lt\/lv\/wp-json\/wp\/v2\/types\/product"}],"wp:featuredmedia":[{"embeddable":true,"href":"https:\/\/dekastar.lt\/lv\/wp-json\/wp\/v2\/media\/9861"}],"wp:attachment":[{"href":"https:\/\/dekastar.lt\/lv\/wp-json\/wp\/v2\/media?parent=9842"}],"wp:term":[{"taxonomy":"pwb-brand","embeddable":true,"href":"https:\/\/dekastar.lt\/lv\/wp-json\/wp\/v2\/pwb-brand?post=9842"},{"taxonomy":"product_brand","embeddable":true,"href":"https:\/\/dekastar.lt\/lv\/wp-json\/wp\/v2\/product_brand?post=9842"},{"taxonomy":"product_cat","embeddable":true,"href":"https:\/\/dekastar.lt\/lv\/wp-json\/wp\/v2\/product_cat?post=9842"},{"taxonomy":"product_tag","embeddable":true,"href":"https:\/\/dekastar.lt\/lv\/wp-json\/wp\/v2\/product_tag?post=9842"}],"curies":[{"name":"wp","href":"https:\/\/api.w.org\/{rel}","templated":true}]}}