{"id":9866,"date":"2025-05-15T11:11:15","date_gmt":"2025-05-15T11:11:15","guid":{"rendered":"https:\/\/dekastar.lt\/?post_type=product&#038;p=9866"},"modified":"2026-03-24T09:01:13","modified_gmt":"2026-03-24T09:01:13","slug":"reima-tallustelu-5400137b-laisvalaikio-avalyne-juoda","status":"publish","type":"product","link":"https:\/\/dekastar.lt\/lv\/products\/reima-tallustelu-5400137b-laisvalaikio-avalyne-juoda\/","title":{"rendered":"REIMA Tallustelu 5400137B ikdienas apavi (Melni)"},"content":{"rendered":"<p>ISPO Award 2023 un Scandinavian Outdoor Award balvas ieguv\u0113js Tallustelu ir lieliska izv\u0113le jebkuros laika apst\u0101k\u013cos. ISPO \u017e\u016brija teica: \"Barefoot apavi \u013cauj vesel\u012bgi augt un padara staig\u0101\u0161anu par jaunu pieredzi. At\u0161\u0137ir\u012bb\u0101 no da\u017eiem citiem l\u012bdz\u012bga tipa b\u0113rnu apaviem Tallustelu izskat\u0101s eleganti un noteikti ir piem\u0113roti \u0101ra piedz\u012bvojumiem.<\/p>\n<p>APMA atz\u012bti Reima apavi maz\u0101m k\u0101j\u0101m! Tas ir augst\u0101kais kvalit\u0101tes apbalvojums, kas tiek pie\u0161\u0137irts tikai tiem produktiem, kuri veicina p\u0113du vesel\u012bbu.<\/p>\n<p>Tallustelu - godalgotus \u016bdensnecaurlaid\u012bgus bas\u0101m k\u0101j\u0101m paredz\u0113tus apavus b\u0113rniem. Tallustelu \u016bdensnecaurlaid\u012bgajiem barefoot apaviem ir plat\u0101ks modelis ar \u013coti elast\u012bgu zoli un pap\u0113di bez pap\u0113\u017ea pac\u0113luma. Izskat\u0101s, ka t\u0101 var\u0113tu b\u016bt j\u016bsu b\u0113rna jaun\u0101 m\u012b\u013c\u0101k\u0101 apavu izv\u0113le! Tallustelu ir ieguvu\u0161i gan ISPO, gan Skandin\u0101vijas \u0100ra apavu balvas, un ir atz\u012bti par izcilu dizainu un funkcionalit\u0101ti.<\/p>\n<p>    Vair\u0101k vietas j\u016bsu k\u0101ju pirkstiem. Pla\u0161\u0101ka apavu priek\u0161puse nodro\u0161ina vair\u0101k vietas pirkstu pirkstiem un nodro\u0161ina br\u012bvu p\u0113du kust\u012bbu;<br \/>\n    Elast\u012bg\u0101 apavu zole piel\u0101gojas p\u0113du formai un kust\u012bb\u0101m, nodro\u0161inot liel\u0101ku komfortu;<br \/>\n    Glud\u0101 un l\u012bdzen\u0101 zole atbalsta dabisku gaitu un tren\u0113 p\u0113du musku\u013cus. T\u0101da pati k\u0101 bas\u0101m k\u0101j\u0101m;<br \/>\n    Elpojo\u0161s un elast\u012bgs krekls;<br \/>\n    Elast\u012bgas aukli\u0146as \u0101trai un \u0113rtai \u010d\u012bbu \u0161\u0146or\u0113\u0161anai;<br \/>\n    No\u0146emamas zol\u012btes ar Happy Fit apdruku, kas pal\u012bdz atrast pareizo izm\u0113ru;<br \/>\n    Var mazg\u0101t ve\u013casma\u0161\u012bn\u0101 maig\u0101 cikl\u0101 30\u00b0C temperat\u016br\u0101;<br \/>\n    Nesatur fluorog\u013c\u016bde\u0146ra\u017eus.<\/p>","protected":false},"excerpt":{"rendered":"<p>Batai Tallustelu, 2023 m. laim\u0117j\u0119 ISPO apdovanojim\u0105 ir Skandinavijos lauko apdovanojim\u0105, yra puikus pasirinkimas bet kokiu oru. Kaip teig\u0117 ISPO apdovanojimo \u017eiuri: \u201eBarefoot batai leid\u017eia sveikai augti ir paver\u010dia vaik\u0161\u010diojim\u0105 nauja patirtimi. Skirtingai nei kai kurie kiti vaiki\u0161ki pana\u0161aus tipo batai, Tallustelu atrodo eleganti\u0161kai, be to, tikrai tinka nuotykiams lauke. Ma\u017e\u0173j\u0173 p\u0117dut\u0117ms \u2013 APMA pripa\u017einti [&hellip;]<\/p>\n","protected":false},"featured_media":9884,"template":"","meta":{"_acf_changed":false},"pwb-brand":[81],"product_brand":[],"product_cat":[40,48],"product_tag":[],"class_list":{"0":"post-9866","1":"product","2":"type-product","3":"status-publish","4":"has-post-thumbnail","6":"pwb-brand-reima","7":"product_cat-vaikams","8":"product_cat-avalyne-vaikams","9":"pa_avalynes-dydis-130","10":"pa_avalynes-dydis-119","11":"pa_avalynes-dydis-120","12":"pa_avalynes-dydis-121","13":"pa_avalynes-dydis-122","14":"pa_avalynes-dydis-123","15":"pa_avalynes-dydis-124","16":"pa_avalynes-dydis-90","17":"pa_avalynes-dydis-91","18":"pa_avalynes-dydis-92","19":"pa_avalynes-dydis-93","20":"pa_avalynes-dydis-94","22":"first","23":"instock","24":"sale","25":"shipping-taxable","26":"purchasable","27":"product-type-variable"},"supplier_id":null,"supplier_sku":"","barcode":null,"atum_controlled":true,"out_stock_date":null,"out_stock_threshold":null,"inheritable":true,"inbound_stock":null,"stock_on_hold":0,"sold_today":0,"sales_last_days":0,"reserved_stock":null,"customer_returns":null,"warehouse_damage":null,"lost_in_post":null,"other_logs":null,"out_stock_days":0,"lost_sales":0,"has_location":false,"update_date":"2026-04-27T03:13:39","atum_locations":[],"atum_stock_status":"instock","restock_status":false,"low_stock_amount":"","sales_update_date":"2026-04-27T03:13:39","calc_backorders":null,"acf":[],"brands":[{"id":81,"name":"REIMA","slug":"reima"}],"_links":{"self":[{"href":"https:\/\/dekastar.lt\/lv\/wp-json\/wp\/v2\/product\/9866","targetHints":{"allow":["GET"]}}],"collection":[{"href":"https:\/\/dekastar.lt\/lv\/wp-json\/wp\/v2\/product"}],"about":[{"href":"https:\/\/dekastar.lt\/lv\/wp-json\/wp\/v2\/types\/product"}],"wp:featuredmedia":[{"embeddable":true,"href":"https:\/\/dekastar.lt\/lv\/wp-json\/wp\/v2\/media\/9884"}],"wp:attachment":[{"href":"https:\/\/dekastar.lt\/lv\/wp-json\/wp\/v2\/media?parent=9866"}],"wp:term":[{"taxonomy":"pwb-brand","embeddable":true,"href":"https:\/\/dekastar.lt\/lv\/wp-json\/wp\/v2\/pwb-brand?post=9866"},{"taxonomy":"product_brand","embeddable":true,"href":"https:\/\/dekastar.lt\/lv\/wp-json\/wp\/v2\/product_brand?post=9866"},{"taxonomy":"product_cat","embeddable":true,"href":"https:\/\/dekastar.lt\/lv\/wp-json\/wp\/v2\/product_cat?post=9866"},{"taxonomy":"product_tag","embeddable":true,"href":"https:\/\/dekastar.lt\/lv\/wp-json\/wp\/v2\/product_tag?post=9866"}],"curies":[{"name":"wp","href":"https:\/\/api.w.org\/{rel}","templated":true}]}}